{"id":11855,"date":"2026-01-29T19:00:02","date_gmt":"2026-01-29T17:00:02","guid":{"rendered":"https:\/\/italksprachschule.ch\/?page_id=11855"},"modified":"2026-01-29T19:01:11","modified_gmt":"2026-01-29T17:01:11","slug":"unsere-lernmethode","status":"publish","type":"page","link":"https:\/\/italksprachschule.ch\/de\/unsere-lernmethode\/","title":{"rendered":"Lernmethode"},"content":{"rendered":"\t\t<div data-elementor-type=\"wp-page\" data-elementor-id=\"11855\" class=\"elementor elementor-11855 elementor-11849\" data-elementor-post-type=\"page\">\n\t\t\t\t\t\t<section class=\"elementor-section elementor-top-section elementor-element elementor-element-2d98ace elementor-section-boxed elementor-section-height-default elementor-section-height-default\" data-id=\"2d98ace\" data-element_type=\"section\" data-e-type=\"section\">\n\t\t\t\t\t\t<div class=\"elementor-container elementor-column-gap-default\">\n\t\t\t\t\t<div class=\"elementor-column elementor-col-100 elementor-top-column elementor-element elementor-element-d22ad17\" data-id=\"d22ad17\" data-element_type=\"column\" data-e-type=\"column\">\n\t\t\t<div class=\"elementor-widget-wrap elementor-element-populated\">\n\t\t\t\t\t\t<div class=\"elementor-element elementor-element-66ab7ec elementor-widget elementor-widget-heading\" data-id=\"66ab7ec\" data-element_type=\"widget\" data-e-type=\"widget\" data-widget_type=\"heading.default\">\n\t\t\t\t<div class=\"elementor-widget-container\">\n\t\t\t\t\t<h2 class=\"elementor-heading-title elementor-size-default\">Die Lernmethode der Italk Sprachschule mit einem muttersprachlichen Sprachpartner<\/h2>\t\t\t\t<\/div>\n\t\t\t\t<\/div>\n\t\t\t\t<div class=\"elementor-element elementor-element-9ac76b4 elementor-widget elementor-widget-text-editor\" data-id=\"9ac76b4\" data-element_type=\"widget\" data-e-type=\"widget\" data-widget_type=\"text-editor.default\">\n\t\t\t\t<div class=\"elementor-widget-container\">\n\t\t\t\t\t\t\t\t\t<p>Wir bieten den Kursteilnehmenden die M\u00f6glichkeit, nach dem Unterricht mit einem <strong>muttersprachlichen Sprachpartner (SP)<\/strong> die Kommunikationsf\u00e4higkeit zu trainieren.<\/p>\n<p>Der SP folgt dabei dem Programm des jeweiligen Kurses. Auf diese Weise kann der Teilnehmende die Inhalte verfestigen, die er am selben Tag im Kurs erlernt hat. Dies ist besonders wichtig in einem Land wie der Schweiz, wo die gesprochene Sprache Schweizerdeutsch ist, die Schriftsprache jedoch Standarddeutsch.<\/p>\n<p>Als Kleinkinder bringen uns unsere Eltern den Wortschatz bei, korrigieren unsere grammatikalischen Fehler und unsere Aussprache. Genau das machen unsere SP. Sie helfen dir dabei, fehlerfrei zu sprechen!<\/p>\n<h3>Die muttersprachlichen Sprachpartner sind:<\/h3>\n<ul>\n<li>deutsche Muttersprachler<\/li>\n<li>verf\u00fcgen \u00fcber ein hohes Bildungsniveau<\/li>\n<li>im Hinblick auf ihre Aussprache sorgf\u00e4ltig ausgew\u00e4hlt<\/li>\n<\/ul>\n<h3>Die Lehrpersonen sind:<\/h3>\n<ul>\n<li>deutsche Muttersprachler mit der deutlichen Aussprache<\/li>\n<li>qualifizierte Lehrkr\u00e4fte<\/li>\n<li>sehr erfahren (mindestens 1 000 Stunden Lehrerfahrung)<\/li>\n<\/ul>\n<p><strong>Die Lernmethode mit einem muttersprachlichen Sprachpartner unterscheidet italk Sprachschule zu anderen Schulen.<\/strong><\/p>\n<p><strong>Im Durchschnitt erzielten unsere Teilnehmenden im Jahr 2017 bei der Abschlusspr\u00fcfung ein Resultat von 85%<\/strong>. Unsere Pr\u00fcfung basiert auf einer gek\u00fcrzten Version der TELC-Pr\u00fcfung.<\/p>\n<p>Die TELC-Pr\u00fcfung ist ein mehrst\u00fcndiger Test, der eine spezielle Vorbereitung erfordert. Unsere Pr\u00fcfung dauert im Gegensatz dazu eine Stunde. Wir befolgen bei der Konzeption unserer Pr\u00fcfungen die Richtlinien des Gemeinsamen Europ\u00e4ischen Referenzrahmens f\u00fcr Sprachen (GER).<\/p>\n\t\t\t\t\t\t\t\t<\/div>\n\t\t\t\t<\/div>\n\t\t\t\t\t<\/div>\n\t\t<\/div>\n\t\t\t\t\t<\/div>\n\t\t<\/section>\n\t\t\t\t<\/div>\n\t\t","protected":false},"excerpt":{"rendered":"<p>Die Lernmethode der Italk Sprachschule mit einem muttersprachlichen Sprachpartner Wir bieten den Kursteilnehmenden die M\u00f6glichkeit, nach dem Unterricht mit einem muttersprachlichen Sprachpartner (SP) die Kommunikationsf\u00e4higkeit zu trainieren. Der SP folgt dabei dem Programm des jeweiligen Kurses. Auf diese Weise kann der Teilnehmende die Inhalte verfestigen, die er am selben Tag im Kurs erlernt hat. Dies [&hellip;]<\/p>\n","protected":false},"author":6,"featured_media":0,"parent":0,"menu_order":0,"comment_status":"closed","ping_status":"closed","template":"","meta":{"footnotes":""},"class_list":["post-11855","page","type-page","status-publish","hentry"],"_links":{"self":[{"href":"https:\/\/italksprachschule.ch\/de\/wp-json\/wp\/v2\/pages\/11855","targetHints":{"allow":["GET"]}}],"collection":[{"href":"https:\/\/italksprachschule.ch\/de\/wp-json\/wp\/v2\/pages"}],"about":[{"href":"https:\/\/italksprachschule.ch\/de\/wp-json\/wp\/v2\/types\/page"}],"author":[{"embeddable":true,"href":"https:\/\/italksprachschule.ch\/de\/wp-json\/wp\/v2\/users\/6"}],"replies":[{"embeddable":true,"href":"https:\/\/italksprachschule.ch\/de\/wp-json\/wp\/v2\/comments?post=11855"}],"version-history":[{"count":1,"href":"https:\/\/italksprachschule.ch\/de\/wp-json\/wp\/v2\/pages\/11855\/revisions"}],"predecessor-version":[{"id":11856,"href":"https:\/\/italksprachschule.ch\/de\/wp-json\/wp\/v2\/pages\/11855\/revisions\/11856"}],"wp:attachment":[{"href":"https:\/\/italksprachschule.ch\/de\/wp-json\/wp\/v2\/media?parent=11855"}],"curies":[{"name":"wp","href":"https:\/\/api.w.org\/{rel}","templated":true}]}}