{"id":1305,"date":"2019-02-28T18:20:55","date_gmt":"2019-02-28T17:20:55","guid":{"rendered":"https:\/\/www.italksprachschule.ch\/?page_id=1305"},"modified":"2026-01-12T13:10:43","modified_gmt":"2026-01-12T11:10:43","slug":"telc-zertifikate","status":"publish","type":"page","link":"https:\/\/italksprachschule.ch\/de\/telc-zertifikate\/","title":{"rendered":"Telc-Zertifikate: Sicher mit Geld-zur\u00fcck-Garantie"},"content":{"rendered":"\t\t<div data-elementor-type=\"wp-page\" data-elementor-id=\"1305\" class=\"elementor elementor-1305 elementor-1304\" data-elementor-post-type=\"page\">\n\t\t\t\t\t\t<section class=\"elementor-section elementor-top-section elementor-element elementor-element-457f8c9 elementor-section-boxed elementor-section-height-default elementor-section-height-default\" data-id=\"457f8c9\" data-element_type=\"section\" data-e-type=\"section\">\n\t\t\t\t\t\t<div class=\"elementor-container elementor-column-gap-default\">\n\t\t\t\t\t<div class=\"elementor-column elementor-col-50 elementor-top-column elementor-element elementor-element-9ac0749\" data-id=\"9ac0749\" data-element_type=\"column\" data-e-type=\"column\">\n\t\t\t<div class=\"elementor-widget-wrap elementor-element-populated\">\n\t\t\t\t\t\t<div class=\"elementor-element elementor-element-a3044a8 elementor-widget elementor-widget-text-editor\" data-id=\"a3044a8\" data-element_type=\"widget\" data-e-type=\"widget\" data-widget_type=\"text-editor.default\">\n\t\t\t\t<div class=\"elementor-widget-container\">\n\t\t\t\t\t\t\t\t\t<h2>Wir f\u00fchren die telc Pr\u00fcfungen t\u00e4glich durch, darunter auch telc Pr\u00fcfungen f\u00fcr Gesundheitsberufe wie telc Medizin oder telc B1-B2 Pflege.<\/h2>\n\t\t\t\t\t\t\t\t<\/div>\n\t\t\t\t<\/div>\n\t\t\t\t<div class=\"elementor-element elementor-element-5330b29 elementor-widget elementor-widget-button\" data-id=\"5330b29\" data-element_type=\"widget\" data-e-type=\"widget\" data-widget_type=\"button.default\">\n\t\t\t\t<div class=\"elementor-widget-container\">\n\t\t\t\t\t\t\t\t\t<div class=\"elementor-button-wrapper\">\n\t\t\t\t\t<a class=\"elementor-button elementor-button-link elementor-size-sm\" href=\"https:\/\/italksprachschule.ch\/de\/enrol\/anmeldung-zu-einer-telc-prufung\/\">\n\t\t\t\t\t\t<span class=\"elementor-button-content-wrapper\">\n\t\t\t\t\t\t<span class=\"elementor-button-icon\">\n\t\t\t\t<i aria-hidden=\"true\" class=\"far fa-thumbs-up\"><\/i>\t\t\t<\/span>\n\t\t\t\t\t\t\t\t\t<span class=\"elementor-button-text\">MELDEN SIE SICH AN<\/span>\n\t\t\t\t\t<\/span>\n\t\t\t\t\t<\/a>\n\t\t\t\t<\/div>\n\t\t\t\t\t\t\t\t<\/div>\n\t\t\t\t<\/div>\n\t\t\t\t\t<\/div>\n\t\t<\/div>\n\t\t\t\t<div class=\"elementor-column elementor-col-50 elementor-top-column elementor-element elementor-element-b15a8a1\" data-id=\"b15a8a1\" data-element_type=\"column\" data-e-type=\"column\">\n\t\t\t<div class=\"elementor-widget-wrap elementor-element-populated\">\n\t\t\t\t\t\t<div class=\"elementor-element elementor-element-01015a7 elementor-widget elementor-widget-image\" data-id=\"01015a7\" data-element_type=\"widget\" data-e-type=\"widget\" data-widget_type=\"image.default\">\n\t\t\t\t<div class=\"elementor-widget-container\">\n\t\t\t\t\t\t\t\t\t\t\t\t\t\t\t<img fetchpriority=\"high\" decoding=\"async\" width=\"800\" height=\"600\" src=\"https:\/\/italksprachschule.ch\/wp-content\/uploads\/2019\/02\/UNADJUSTEDNONRAW_thumb_53-1024x768.jpg\" class=\"attachment-large size-large wp-image-1334\" alt=\"\" srcset=\"https:\/\/italksprachschule.ch\/wp-content\/uploads\/2019\/02\/UNADJUSTEDNONRAW_thumb_53.jpg 1024w, https:\/\/italksprachschule.ch\/wp-content\/uploads\/2019\/02\/UNADJUSTEDNONRAW_thumb_53-460x345.jpg 460w, https:\/\/italksprachschule.ch\/wp-content\/uploads\/2019\/02\/UNADJUSTEDNONRAW_thumb_53-768x576.jpg 768w, https:\/\/italksprachschule.ch\/wp-content\/uploads\/2019\/02\/UNADJUSTEDNONRAW_thumb_53-120x90.jpg 120w, https:\/\/italksprachschule.ch\/wp-content\/uploads\/2019\/02\/UNADJUSTEDNONRAW_thumb_53-310x233.jpg 310w\" sizes=\"(max-width: 800px) 100vw, 800px\" \/>\t\t\t\t\t\t\t\t\t\t\t\t\t\t\t<\/div>\n\t\t\t\t<\/div>\n\t\t\t\t\t<\/div>\n\t\t<\/div>\n\t\t\t\t\t<\/div>\n\t\t<\/section>\n\t\t\t\t<section class=\"elementor-section elementor-top-section elementor-element elementor-element-56d4fd20 elementor-section-boxed elementor-section-height-default elementor-section-height-default\" data-id=\"56d4fd20\" data-element_type=\"section\" data-e-type=\"section\">\n\t\t\t\t\t\t<div class=\"elementor-container elementor-column-gap-default\">\n\t\t\t\t\t<div class=\"elementor-column elementor-col-100 elementor-top-column elementor-element elementor-element-734e5b2d\" data-id=\"734e5b2d\" data-element_type=\"column\" data-e-type=\"column\">\n\t\t\t<div class=\"elementor-widget-wrap elementor-element-populated\">\n\t\t\t\t\t\t<div class=\"elementor-element elementor-element-00546df elementor-widget elementor-widget-text-editor\" data-id=\"00546df\" data-element_type=\"widget\" data-e-type=\"widget\" data-widget_type=\"text-editor.default\">\n\t\t\t\t<div class=\"elementor-widget-container\">\n\t\t\t\t\t\t\t\t\t<h2>Was bieten wir an?<\/h2>\n<p><\/p>\n<h3>Geld zur\u00fcck, falls Sie Ihre Pr\u00fcfung nicht bestehen.<\/h3>\n<p>\u2022 Wir bereiten Sie auf die Pr\u00fcfung vor und falls Sie diese nicht bestehen sollten, erhalten Sie Ihr Geld zur\u00fcck. Sie m\u00fcssen jedoch an allen vereinbarten Unterrichtsstunden teilnehmen und alle von Ihrer Lehrperson erhaltenen Aufgaben erledigen<br \/>\u2022 Vorbereitungskurse gibt es f\u00fcr alle Niveaus einschliesslich Konversations\u00fcbungen f\u00fcr die m\u00fcndliche Pr\u00fcfung.<br \/>\u2022 Einzelunterricht mindestens ab 5 Lektionen \u00e0 60 Minuten bereits ab CHF 800.<br \/>\u2022 Gruppenunterricht: Bitte kontaktieren Sie uns direkt.<\/p>\n\t\t\t\t\t\t\t\t<\/div>\n\t\t\t\t<\/div>\n\t\t\t\t<div class=\"elementor-element elementor-element-be4dcae elementor-widget elementor-widget-button\" data-id=\"be4dcae\" data-element_type=\"widget\" data-e-type=\"widget\" data-widget_type=\"button.default\">\n\t\t\t\t<div class=\"elementor-widget-container\">\n\t\t\t\t\t\t\t\t\t<div class=\"elementor-button-wrapper\">\n\t\t\t\t\t<a class=\"elementor-button elementor-button-link elementor-size-sm\" href=\"https:\/\/italksprachschule.ch\/de\/enrol\/telc-vorbereitungskurs-anmeldeformular\/\">\n\t\t\t\t\t\t<span class=\"elementor-button-content-wrapper\">\n\t\t\t\t\t\t<span class=\"elementor-button-icon\">\n\t\t\t\t<i aria-hidden=\"true\" class=\"far fa-thumbs-up\"><\/i>\t\t\t<\/span>\n\t\t\t\t\t\t\t\t\t<span class=\"elementor-button-text\">MELDEN SIE SICH AN<\/span>\n\t\t\t\t\t<\/span>\n\t\t\t\t\t<\/a>\n\t\t\t\t<\/div>\n\t\t\t\t\t\t\t\t<\/div>\n\t\t\t\t<\/div>\n\t\t\t\t<div class=\"elementor-element elementor-element-2ea96e9 elementor-widget elementor-widget-text-editor\" data-id=\"2ea96e9\" data-element_type=\"widget\" data-e-type=\"widget\" data-widget_type=\"text-editor.default\">\n\t\t\t\t<div class=\"elementor-widget-container\">\n\t\t\t\t\t\t\t\t\t<h3>Wann erhalte ich mein Ergebnis?<\/h3>\n<p>Alle Pr\u00fcfungen werden von telc in Deutschland ausgewertet. In der Regel erhalten wir Ihr Zertifikat in etwa <strong>4 Wochen<\/strong>. Es kann jedoch bis zu 6-8 Wochen dauern, telc wertet Ihre Pr\u00fcfungen aus und wir haben absolut keinen Einfluss auf diesen Prozess. <\/p>\n<p>Die Zertifikate f\u00fcr die digitalen Pr\u00fcfungen B1, B2 oder B1-B2-Pflege werden in etwa 2 Wochen verschickt. Es kann jedoch l\u00e4nger dauern, da telc die Pr\u00fcfungen auswertet und wir absolut keinen Einfluss auf diesen Prozess haben. <\/p>\n<h3>Wie ist die Pr\u00fcfung aufgebaut?<\/h3>\n<p>Die Pr\u00fcfung besteht aus einem schriftlichen (Lesen, H\u00f6ren, Schreiben) und einem m\u00fcndlichen Teil.<\/p>\n<h3>Wozu braucht man die telc Pr\u00fcfung?<\/h3>\n<p>Die Europ\u00e4ischen Sprachzertifikate, auch telc Sprachzertifikate genannt, sind international standardisierte Pr\u00fcfungen in zehn Sprachen. Italk Sprachschule ist ein telc Pr\u00fcfungszentrum in Z\u00fcrich. telc Pr\u00fcfungen beurteilen die Sprachkenntnisse anhand objektiver und fairer Bewertungskriterien des Gemeinsamen Europ\u00e4ischen Referenzrahmens f\u00fcr Sprachen (GER).<\/p>\n<p>telc Sprachzertifikate sind allgemein bekannt und werden von vielen Arbeitgebern, medizinischen Einrichtungen, Schulen und Universit\u00e4ten als Nachweis der Sprachkompetenz anerkannt. Sie werden ausserdem als Sprachnachweis bei der Beantragung eines Visums bzw. einer Bewilligung f\u00fcr die Schweiz oder bei der Einb\u00fcrgerung akzeptiert. Sie sollten immer in der Institution, die das Zertifikat verlangt, nachfragen, welches Niveau und welches Zertifikat akzeptiert wird.<\/p>\n<h2>telc Pr\u00fcfungsgeb\u00fchren<\/h2>\n<p>Die Anmeldung muss mindestens 17 Tage vor dem Pr\u00fcfungstermin erfolgen.<\/p>\n<p><strong><span style=\"color: #ff0000;\">Das Datum oder die Uhrzeit der Pr\u00fcfung k\u00f6nnen nicht ge\u00e4ndert werden. Der\/die Kandidat\/in erh\u00e4lt keine R\u00fcckerstattung im Falle des Nichterscheinens.<\/span><\/strong><\/p>\n\t\t\t\t\t\t\t\t<\/div>\n\t\t\t\t<\/div>\n\t\t\t\t<div class=\"elementor-element elementor-element-116536d elementor-widget elementor-widget-text-editor\" data-id=\"116536d\" data-element_type=\"widget\" data-e-type=\"widget\" data-widget_type=\"text-editor.default\">\n\t\t\t\t<div class=\"elementor-widget-container\">\n\t\t\t\t\t\t\t\t\t\n<table id=\"tablepress-16\" class=\"tablepress tablepress-id-16\">\n<thead>\n<tr class=\"row-1\">\n\t<th class=\"column-1\">Pr\u00fcfungen<\/th><th class=\"column-2\">Geb\u00fchren (CHF)<\/th><th class=\"column-3\">Digitale Pr\u00fcfungen<\/th><th class=\"column-4\">telc f\u00fcr medizinische Fachkr\u00e4fte<\/th><th class=\"column-5\">Geb\u00fchren (CHF)<\/th><th class=\"column-6\">Digitale Pr\u00fcfungen<\/th>\n<\/tr>\n<\/thead>\n<tbody class=\"row-striping\">\n<tr class=\"row-2\">\n\t<td class=\"column-1\">Deutsch A1\/A2<\/td><td class=\"column-2\">185<\/td><td class=\"column-3\">N\/A<\/td><td class=\"column-4\">B1-B2 Health Care Professionals (Pflege)<\/td><td class=\"column-5\">435<\/td><td class=\"column-6\">535<\/td>\n<\/tr>\n<tr class=\"row-3\">\n\t<td class=\"column-1\">Deutsch B1<\/td><td class=\"column-2\">265<\/td><td class=\"column-3\">365<\/td><td class=\"column-4\">B2-C1 Medicine<\/td><td class=\"column-5\">435<\/td><td class=\"column-6\">N\/A<\/td>\n<\/tr>\n<tr class=\"row-4\">\n\t<td class=\"column-1\">Deutsch B2<\/td><td class=\"column-2\">325<\/td><td class=\"column-3\">425<\/td><td class=\"column-4\"><\/td><td class=\"column-5\"><\/td><td class=\"column-6\"><\/td>\n<\/tr>\n<tr class=\"row-5\">\n\t<td class=\"column-1\">Deutsch C1<\/td><td class=\"column-2\">375<\/td><td class=\"column-3\">N\/A<\/td><td class=\"column-4\"><\/td><td class=\"column-5\"><\/td><td class=\"column-6\"><\/td>\n<\/tr>\n<tr class=\"row-6\">\n\t<td class=\"column-1\">Deutsch C1 (Hochschule)<\/td><td class=\"column-2\">375<\/td><td class=\"column-3\">475<\/td><td class=\"column-4\"><\/td><td class=\"column-5\"><\/td><td class=\"column-6\"><\/td>\n<\/tr>\n<tr class=\"row-7\">\n\t<td class=\"column-1\">Deutsch C2<\/td><td class=\"column-2\">445<\/td><td class=\"column-3\">N\/A<\/td><td class=\"column-4\"><\/td><td class=\"column-5\"><\/td><td class=\"column-6\"><\/td>\n<\/tr>\n<\/tbody>\n<\/table>\n<!-- #tablepress-16 from cache -->\n\t\t\t\t\t\t\t\t<\/div>\n\t\t\t\t<\/div>\n\t\t\t\t<div class=\"elementor-element elementor-element-ff68713 elementor-widget elementor-widget-button\" data-id=\"ff68713\" data-element_type=\"widget\" data-e-type=\"widget\" data-widget_type=\"button.default\">\n\t\t\t\t<div class=\"elementor-widget-container\">\n\t\t\t\t\t\t\t\t\t<div class=\"elementor-button-wrapper\">\n\t\t\t\t\t<a class=\"elementor-button elementor-button-link elementor-size-sm\" href=\"https:\/\/italksprachschule.ch\/de\/enrol\/anmeldung-zu-einer-telc-prufung\/\">\n\t\t\t\t\t\t<span class=\"elementor-button-content-wrapper\">\n\t\t\t\t\t\t<span class=\"elementor-button-icon\">\n\t\t\t\t<i aria-hidden=\"true\" class=\"far fa-thumbs-up\"><\/i>\t\t\t<\/span>\n\t\t\t\t\t\t\t\t\t<span class=\"elementor-button-text\">MELDEN SIE SICH AN<\/span>\n\t\t\t\t\t<\/span>\n\t\t\t\t\t<\/a>\n\t\t\t\t<\/div>\n\t\t\t\t\t\t\t\t<\/div>\n\t\t\t\t<\/div>\n\t\t\t\t\t<\/div>\n\t\t<\/div>\n\t\t\t\t\t<\/div>\n\t\t<\/section>\n\t\t\t\t<section class=\"elementor-section elementor-top-section elementor-element elementor-element-75385c19 elementor-section-boxed elementor-section-height-default elementor-section-height-default\" data-id=\"75385c19\" data-element_type=\"section\" data-e-type=\"section\">\n\t\t\t\t\t\t<div class=\"elementor-container elementor-column-gap-default\">\n\t\t\t\t\t<div class=\"elementor-column elementor-col-100 elementor-top-column elementor-element elementor-element-61686a77\" data-id=\"61686a77\" data-element_type=\"column\" data-e-type=\"column\">\n\t\t\t<div class=\"elementor-widget-wrap elementor-element-populated\">\n\t\t\t\t\t\t<div class=\"elementor-element elementor-element-5c5e7bcd elementor-widget elementor-widget-html\" data-id=\"5c5e7bcd\" data-element_type=\"widget\" data-e-type=\"widget\" data-widget_type=\"html.default\">\n\t\t\t\t<div class=\"elementor-widget-container\">\n\t\t\t\t\t<script src=\"https:\/\/static.elfsight.com\/platform\/platform.js\" async><\/script> <div class=\"elfsight-app-416a7fbc-689e-4b88-be46-5eb324761066\" data-elfsight-app-lazy><\/div>\t\t\t\t<\/div>\n\t\t\t\t<\/div>\n\t\t\t\t\t<\/div>\n\t\t<\/div>\n\t\t\t\t\t<\/div>\n\t\t<\/section>\n\t\t\t\t<\/div>\n\t\t","protected":false},"excerpt":{"rendered":"<p>Wir f\u00fchren die telc Pr\u00fcfungen t\u00e4glich durch, darunter auch telc Pr\u00fcfungen f\u00fcr Gesundheitsberufe wie telc Medizin oder telc B1-B2 Pflege. MELDEN SIE SICH AN Was bieten wir an? Geld zur\u00fcck, falls Sie Ihre Pr\u00fcfung nicht bestehen. \u2022 Wir bereiten Sie auf die Pr\u00fcfung vor und falls Sie diese nicht bestehen sollten, erhalten Sie Ihr Geld [&hellip;]<\/p>\n","protected":false},"author":6,"featured_media":0,"parent":0,"menu_order":0,"comment_status":"closed","ping_status":"closed","template":"","meta":{"footnotes":""},"class_list":["post-1305","page","type-page","status-publish","hentry"],"_links":{"self":[{"href":"https:\/\/italksprachschule.ch\/de\/wp-json\/wp\/v2\/pages\/1305","targetHints":{"allow":["GET"]}}],"collection":[{"href":"https:\/\/italksprachschule.ch\/de\/wp-json\/wp\/v2\/pages"}],"about":[{"href":"https:\/\/italksprachschule.ch\/de\/wp-json\/wp\/v2\/types\/page"}],"author":[{"embeddable":true,"href":"https:\/\/italksprachschule.ch\/de\/wp-json\/wp\/v2\/users\/6"}],"replies":[{"embeddable":true,"href":"https:\/\/italksprachschule.ch\/de\/wp-json\/wp\/v2\/comments?post=1305"}],"version-history":[{"count":52,"href":"https:\/\/italksprachschule.ch\/de\/wp-json\/wp\/v2\/pages\/1305\/revisions"}],"predecessor-version":[{"id":11600,"href":"https:\/\/italksprachschule.ch\/de\/wp-json\/wp\/v2\/pages\/1305\/revisions\/11600"}],"wp:attachment":[{"href":"https:\/\/italksprachschule.ch\/de\/wp-json\/wp\/v2\/media?parent=1305"}],"curies":[{"name":"wp","href":"https:\/\/api.w.org\/{rel}","templated":true}]}}