{"id":2423,"date":"2019-07-05T16:08:34","date_gmt":"2019-07-05T14:08:34","guid":{"rendered":"https:\/\/www.italksprachschule.ch\/telc-a1-start-deutsch-zertifikat\/"},"modified":"2025-09-02T12:57:41","modified_gmt":"2025-09-02T10:57:41","slug":"telc-a1-deutsch-modelltest","status":"publish","type":"page","link":"https:\/\/italksprachschule.ch\/de\/telc-a1-deutsch-modelltest\/","title":{"rendered":"TELC A1 Start Deutsch Zertifikat"},"content":{"rendered":"\t\t<div data-elementor-type=\"wp-page\" data-elementor-id=\"2423\" class=\"elementor elementor-2423 elementor-2402\" data-elementor-post-type=\"page\">\n\t\t\t\t\t\t<section class=\"elementor-section elementor-top-section elementor-element elementor-element-e18556e elementor-section-boxed elementor-section-height-default elementor-section-height-default\" data-id=\"e18556e\" data-element_type=\"section\" data-e-type=\"section\">\n\t\t\t\t\t\t<div class=\"elementor-container elementor-column-gap-default\">\n\t\t\t\t\t<div class=\"elementor-column elementor-col-100 elementor-top-column elementor-element elementor-element-1e35b5bb\" data-id=\"1e35b5bb\" data-element_type=\"column\" data-e-type=\"column\">\n\t\t\t<div class=\"elementor-widget-wrap elementor-element-populated\">\n\t\t\t\t\t\t<div class=\"elementor-element elementor-element-71befce1 elementor-widget elementor-widget-text-editor\" data-id=\"71befce1\" data-element_type=\"widget\" data-e-type=\"widget\" data-widget_type=\"text-editor.default\">\n\t\t\t\t<div class=\"elementor-widget-container\">\n\t\t\t\t\t\t\t\t\t<p>Du m\u00f6chtest die Pr\u00fcfung A1 telc absolvieren?<\/p><p>Hier findest du Tipps, Tricks, einen Modelltest und weitere Informationen \u00fcber die Pr\u00fcfung und Vorbereitung.<\/p><p>Auf der Stufe A1 kannst du einfache S\u00e4tze zu den Themen wie z. B. sich vorstellen, Essen und Trinken, Einkaufen, Wohnen usw. formulieren.<br \/>Hier findest du den Modelltest A1:<\/p><div class=\"pdflinks\"><p><a href=\"https:\/\/forms.office.com\/e\/iP4sUgNxVZ\" target=\"_blank\" rel=\"noopener\">TELC A1 Modelltest<\/a><\/p><\/div><p>In diesem Video erkl\u00e4ren wir dir, wie du den Test bestehst. Ausserdem gibt es hier Praxis\u00fcbungen:<\/p>\t\t\t\t\t\t\t\t<\/div>\n\t\t\t\t<\/div>\n\t\t\t\t<div class=\"elementor-element elementor-element-b3f2bf3 elementor-widget elementor-widget-button\" data-id=\"b3f2bf3\" data-element_type=\"widget\" data-e-type=\"widget\" data-widget_type=\"button.default\">\n\t\t\t\t<div class=\"elementor-widget-container\">\n\t\t\t\t\t\t\t\t\t<div class=\"elementor-button-wrapper\">\n\t\t\t\t\t<a class=\"elementor-button elementor-button-link elementor-size-sm\" href=\"https:\/\/italksprachschule.ch\/de\/enrol\/anmeldung-zu-einer-telc-prufung\/\">\n\t\t\t\t\t\t<span class=\"elementor-button-content-wrapper\">\n\t\t\t\t\t\t<span class=\"elementor-button-icon\">\n\t\t\t\t<i aria-hidden=\"true\" class=\"far fa-thumbs-up\"><\/i>\t\t\t<\/span>\n\t\t\t\t\t\t\t\t\t<span class=\"elementor-button-text\">Anmeldung zu einer telc Pr\u00fcfung<\/span>\n\t\t\t\t\t<\/span>\n\t\t\t\t\t<\/a>\n\t\t\t\t<\/div>\n\t\t\t\t\t\t\t\t<\/div>\n\t\t\t\t<\/div>\n\t\t\t\t<div class=\"elementor-element elementor-element-10e1193 elementor-widget elementor-widget-video\" data-id=\"10e1193\" data-element_type=\"widget\" data-e-type=\"widget\" data-settings=\"{&quot;youtube_url&quot;:&quot;https:\\\/\\\/www.youtube.com\\\/watch?v=e1CM6MfVUNE&quot;,&quot;video_type&quot;:&quot;youtube&quot;,&quot;controls&quot;:&quot;yes&quot;}\" data-widget_type=\"video.default\">\n\t\t\t\t<div class=\"elementor-widget-container\">\n\t\t\t\t\t\t\t<div class=\"elementor-wrapper elementor-open-inline\">\n\t\t\t<div class=\"elementor-video\"><\/div>\t\t<\/div>\n\t\t\t\t\t\t<\/div>\n\t\t\t\t<\/div>\n\t\t\t\t\t<\/div>\n\t\t<\/div>\n\t\t\t\t\t<\/div>\n\t\t<\/section>\n\t\t\t\t<\/div>\n\t\t","protected":false},"excerpt":{"rendered":"<p>Du m\u00f6chtest die Pr\u00fcfung A1 telc absolvieren? Hier findest du Tipps, Tricks, einen Modelltest und weitere Informationen \u00fcber die Pr\u00fcfung und Vorbereitung. Auf der Stufe A1 kannst du einfache S\u00e4tze zu den Themen wie z. B. sich vorstellen, Essen und Trinken, Einkaufen, Wohnen usw. formulieren.Hier findest du den Modelltest A1: TELC A1 Modelltest In diesem [&hellip;]<\/p>\n","protected":false},"author":6,"featured_media":0,"parent":0,"menu_order":0,"comment_status":"closed","ping_status":"closed","template":"","meta":{"footnotes":""},"class_list":["post-2423","page","type-page","status-publish","hentry"],"_links":{"self":[{"href":"https:\/\/italksprachschule.ch\/de\/wp-json\/wp\/v2\/pages\/2423","targetHints":{"allow":["GET"]}}],"collection":[{"href":"https:\/\/italksprachschule.ch\/de\/wp-json\/wp\/v2\/pages"}],"about":[{"href":"https:\/\/italksprachschule.ch\/de\/wp-json\/wp\/v2\/types\/page"}],"author":[{"embeddable":true,"href":"https:\/\/italksprachschule.ch\/de\/wp-json\/wp\/v2\/users\/6"}],"replies":[{"embeddable":true,"href":"https:\/\/italksprachschule.ch\/de\/wp-json\/wp\/v2\/comments?post=2423"}],"version-history":[{"count":13,"href":"https:\/\/italksprachschule.ch\/de\/wp-json\/wp\/v2\/pages\/2423\/revisions"}],"predecessor-version":[{"id":10547,"href":"https:\/\/italksprachschule.ch\/de\/wp-json\/wp\/v2\/pages\/2423\/revisions\/10547"}],"wp:attachment":[{"href":"https:\/\/italksprachschule.ch\/de\/wp-json\/wp\/v2\/media?parent=2423"}],"curies":[{"name":"wp","href":"https:\/\/api.w.org\/{rel}","templated":true}]}}