{"id":2449,"date":"2019-07-08T13:51:14","date_gmt":"2019-07-08T11:51:14","guid":{"rendered":"https:\/\/www.italksprachschule.ch\/?page_id=2449"},"modified":"2025-09-02T12:59:40","modified_gmt":"2025-09-02T10:59:40","slug":"telc-b1-deutsch-modelltest","status":"publish","type":"page","link":"https:\/\/italksprachschule.ch\/de\/telc-b1-deutsch-modelltest\/","title":{"rendered":"TELC B1 Deutsch Zertifikat"},"content":{"rendered":"\t\t<div data-elementor-type=\"wp-page\" data-elementor-id=\"2449\" class=\"elementor elementor-2449 elementor-2448\" data-elementor-post-type=\"page\">\n\t\t\t\t\t\t<section class=\"elementor-section elementor-top-section elementor-element elementor-element-962eb4f elementor-section-boxed elementor-section-height-default elementor-section-height-default\" data-id=\"962eb4f\" data-element_type=\"section\" data-e-type=\"section\">\n\t\t\t\t\t\t<div class=\"elementor-container elementor-column-gap-default\">\n\t\t\t\t\t<div class=\"elementor-column elementor-col-100 elementor-top-column elementor-element elementor-element-bdc08a7\" data-id=\"bdc08a7\" data-element_type=\"column\" data-e-type=\"column\">\n\t\t\t<div class=\"elementor-widget-wrap elementor-element-populated\">\n\t\t\t\t\t\t<div class=\"elementor-element elementor-element-7a9be6a3 elementor-widget elementor-widget-text-editor\" data-id=\"7a9be6a3\" data-element_type=\"widget\" data-e-type=\"widget\" data-widget_type=\"text-editor.default\">\n\t\t\t\t<div class=\"elementor-widget-container\">\n\t\t\t\t\t\t\t\t\t<p>Du m\u00f6chtest die Pr\u00fcfung B1 telc absolvieren? Hier findest du Tipps, Tricks, einen Modelltest und weitere Informationen \u00fcber die Pr\u00fcfung und Vorbereitung.<\/p><p>Auf der Stufe B1 kannst du dich auf einfache und zusammenh\u00e4ngende Weise im Alltag, auf Reisen und im eigenen Interessensgebiet verst\u00e4ndigen. Du kannst \u00fcber Erlebnisse berichten, Ziele beschreiben und Meinungen begr\u00fcnden. Die wichtigsten grammatischen Strukturen kannst du korrekt verwenden.<\/p><p>Hier findest du den Modelltest B1:<\/p><div class=\"pdflinks\"><a href=\"https:\/\/forms.office.com\/e\/Qd8chpY0kD\" target=\"_blank\" rel=\"noopener\">TELC B1 Modelltest<\/a><\/div><p>In diesem Video erkl\u00e4ren wir dir, wie du den Test bestehst. Ausserdem gibt es hier Praxis\u00fcbungen:<\/p>\t\t\t\t\t\t\t\t<\/div>\n\t\t\t\t<\/div>\n\t\t\t\t<div class=\"elementor-element elementor-element-9abe5d2 elementor-widget elementor-widget-button\" data-id=\"9abe5d2\" data-element_type=\"widget\" data-e-type=\"widget\" data-widget_type=\"button.default\">\n\t\t\t\t<div class=\"elementor-widget-container\">\n\t\t\t\t\t\t\t\t\t<div class=\"elementor-button-wrapper\">\n\t\t\t\t\t<a class=\"elementor-button elementor-button-link elementor-size-sm\" href=\"https:\/\/italksprachschule.ch\/de\/enrol\/anmeldung-zu-einer-telc-prufung\/\">\n\t\t\t\t\t\t<span class=\"elementor-button-content-wrapper\">\n\t\t\t\t\t\t<span class=\"elementor-button-icon\">\n\t\t\t\t<i aria-hidden=\"true\" class=\"far fa-thumbs-up\"><\/i>\t\t\t<\/span>\n\t\t\t\t\t\t\t\t\t<span class=\"elementor-button-text\">Anmeldung zu einer telc Pr\u00fcfung<\/span>\n\t\t\t\t\t<\/span>\n\t\t\t\t\t<\/a>\n\t\t\t\t<\/div>\n\t\t\t\t\t\t\t\t<\/div>\n\t\t\t\t<\/div>\n\t\t\t\t<div class=\"elementor-element elementor-element-1e0e8be elementor-widget elementor-widget-video\" data-id=\"1e0e8be\" data-element_type=\"widget\" data-e-type=\"widget\" data-settings=\"{&quot;youtube_url&quot;:&quot;https:\\\/\\\/www.youtube.com\\\/watch?v=glrL-qCSqYk&quot;,&quot;video_type&quot;:&quot;youtube&quot;,&quot;controls&quot;:&quot;yes&quot;}\" data-widget_type=\"video.default\">\n\t\t\t\t<div class=\"elementor-widget-container\">\n\t\t\t\t\t\t\t<div class=\"elementor-wrapper elementor-open-inline\">\n\t\t\t<div class=\"elementor-video\"><\/div>\t\t<\/div>\n\t\t\t\t\t\t<\/div>\n\t\t\t\t<\/div>\n\t\t\t\t\t<\/div>\n\t\t<\/div>\n\t\t\t\t\t<\/div>\n\t\t<\/section>\n\t\t\t\t<\/div>\n\t\t","protected":false},"excerpt":{"rendered":"<p>Du m\u00f6chtest die Pr\u00fcfung B1 telc absolvieren? Hier findest du Tipps, Tricks, einen Modelltest und weitere Informationen \u00fcber die Pr\u00fcfung und Vorbereitung. Auf der Stufe B1 kannst du dich auf einfache und zusammenh\u00e4ngende Weise im Alltag, auf Reisen und im eigenen Interessensgebiet verst\u00e4ndigen. Du kannst \u00fcber Erlebnisse berichten, Ziele beschreiben und Meinungen begr\u00fcnden. Die wichtigsten [&hellip;]<\/p>\n","protected":false},"author":6,"featured_media":0,"parent":0,"menu_order":0,"comment_status":"closed","ping_status":"closed","template":"","meta":{"footnotes":""},"class_list":["post-2449","page","type-page","status-publish","hentry"],"_links":{"self":[{"href":"https:\/\/italksprachschule.ch\/de\/wp-json\/wp\/v2\/pages\/2449","targetHints":{"allow":["GET"]}}],"collection":[{"href":"https:\/\/italksprachschule.ch\/de\/wp-json\/wp\/v2\/pages"}],"about":[{"href":"https:\/\/italksprachschule.ch\/de\/wp-json\/wp\/v2\/types\/page"}],"author":[{"embeddable":true,"href":"https:\/\/italksprachschule.ch\/de\/wp-json\/wp\/v2\/users\/6"}],"replies":[{"embeddable":true,"href":"https:\/\/italksprachschule.ch\/de\/wp-json\/wp\/v2\/comments?post=2449"}],"version-history":[{"count":14,"href":"https:\/\/italksprachschule.ch\/de\/wp-json\/wp\/v2\/pages\/2449\/revisions"}],"predecessor-version":[{"id":10553,"href":"https:\/\/italksprachschule.ch\/de\/wp-json\/wp\/v2\/pages\/2449\/revisions\/10553"}],"wp:attachment":[{"href":"https:\/\/italksprachschule.ch\/de\/wp-json\/wp\/v2\/media?parent=2449"}],"curies":[{"name":"wp","href":"https:\/\/api.w.org\/{rel}","templated":true}]}}