{"id":2470,"date":"2019-07-08T14:04:20","date_gmt":"2019-07-08T12:04:20","guid":{"rendered":"https:\/\/www.italksprachschule.ch\/?page_id=2470"},"modified":"2025-09-02T13:00:40","modified_gmt":"2025-09-02T11:00:40","slug":"telc-b2-deutsch-modelltest","status":"publish","type":"page","link":"https:\/\/italksprachschule.ch\/de\/telc-b2-deutsch-modelltest\/","title":{"rendered":"TELC B2 Deutsch Zertifikat"},"content":{"rendered":"\t\t<div data-elementor-type=\"wp-page\" data-elementor-id=\"2470\" class=\"elementor elementor-2470 elementor-2469\" data-elementor-post-type=\"page\">\n\t\t\t\t\t\t<section class=\"elementor-section elementor-top-section elementor-element elementor-element-ef3243 elementor-section-boxed elementor-section-height-default elementor-section-height-default\" data-id=\"ef3243\" data-element_type=\"section\" data-e-type=\"section\">\n\t\t\t\t\t\t<div class=\"elementor-container elementor-column-gap-default\">\n\t\t\t\t\t<div class=\"elementor-column elementor-col-100 elementor-top-column elementor-element elementor-element-7b1a5eba\" data-id=\"7b1a5eba\" data-element_type=\"column\" data-e-type=\"column\">\n\t\t\t<div class=\"elementor-widget-wrap elementor-element-populated\">\n\t\t\t\t\t\t<div class=\"elementor-element elementor-element-40ca5300 elementor-widget elementor-widget-text-editor\" data-id=\"40ca5300\" data-element_type=\"widget\" data-e-type=\"widget\" data-widget_type=\"text-editor.default\">\n\t\t\t\t<div class=\"elementor-widget-container\">\n\t\t\t\t\t\t\t\t\t<p>Du m\u00f6chtest die Pr\u00fcfung B2 telc absolvieren? Hier findest du Tipps, Tricks, einen Modelltest und weitere Informationen \u00fcber die Pr\u00fcfung und Vorbereitung.<\/p><p>Auf der Stufe B2 kannst du dich klar und detailliert ausdr\u00fccken sowie erfolgreich argumentieren und verhandeln. Im eigenen Fachgebiet und zu den meisten allgemeinen Themen verf\u00fcgst du \u00fcber einen grossen Wortschatz. Du beherrschst die Grammatik recht gut.<\/p><p>Hier findest du den Modelltest B2:<\/p><div class=\"pdflinks\"><p><a href=\"https:\/\/forms.office.com\/e\/i3seRw2HtE\" target=\"_blank\" rel=\"noopener\">TELC B2 Modelltest<\/a><\/p><\/div><p>In diesem Video erkl\u00e4ren wir dir, wie du den Test bestehst. Ausserdem gibt es hier Praxis\u00fcbungen:<\/p>\t\t\t\t\t\t\t\t<\/div>\n\t\t\t\t<\/div>\n\t\t\t\t<div class=\"elementor-element elementor-element-b773c3c elementor-widget elementor-widget-button\" data-id=\"b773c3c\" data-element_type=\"widget\" data-e-type=\"widget\" data-widget_type=\"button.default\">\n\t\t\t\t<div class=\"elementor-widget-container\">\n\t\t\t\t\t\t\t\t\t<div class=\"elementor-button-wrapper\">\n\t\t\t\t\t<a class=\"elementor-button elementor-button-link elementor-size-sm\" href=\"https:\/\/italksprachschule.ch\/de\/enrol\/anmeldung-zu-einer-telc-prufung\/\">\n\t\t\t\t\t\t<span class=\"elementor-button-content-wrapper\">\n\t\t\t\t\t\t<span class=\"elementor-button-icon\">\n\t\t\t\t<i aria-hidden=\"true\" class=\"far fa-thumbs-up\"><\/i>\t\t\t<\/span>\n\t\t\t\t\t\t\t\t\t<span class=\"elementor-button-text\">Anmeldung zu einer telc Pr\u00fcfung<\/span>\n\t\t\t\t\t<\/span>\n\t\t\t\t\t<\/a>\n\t\t\t\t<\/div>\n\t\t\t\t\t\t\t\t<\/div>\n\t\t\t\t<\/div>\n\t\t\t\t<div class=\"elementor-element elementor-element-e94bc93 elementor-widget elementor-widget-video\" data-id=\"e94bc93\" data-element_type=\"widget\" data-e-type=\"widget\" data-settings=\"{&quot;youtube_url&quot;:&quot;https:\\\/\\\/www.youtube.com\\\/watch?v=fCRcnHc6IWw&quot;,&quot;video_type&quot;:&quot;youtube&quot;,&quot;controls&quot;:&quot;yes&quot;}\" data-widget_type=\"video.default\">\n\t\t\t\t<div class=\"elementor-widget-container\">\n\t\t\t\t\t\t\t<div class=\"elementor-wrapper elementor-open-inline\">\n\t\t\t<div class=\"elementor-video\"><\/div>\t\t<\/div>\n\t\t\t\t\t\t<\/div>\n\t\t\t\t<\/div>\n\t\t\t\t\t<\/div>\n\t\t<\/div>\n\t\t\t\t\t<\/div>\n\t\t<\/section>\n\t\t\t\t<\/div>\n\t\t","protected":false},"excerpt":{"rendered":"<p>Du m\u00f6chtest die Pr\u00fcfung B2 telc absolvieren? Hier findest du Tipps, Tricks, einen Modelltest und weitere Informationen \u00fcber die Pr\u00fcfung und Vorbereitung. Auf der Stufe B2 kannst du dich klar und detailliert ausdr\u00fccken sowie erfolgreich argumentieren und verhandeln. Im eigenen Fachgebiet und zu den meisten allgemeinen Themen verf\u00fcgst du \u00fcber einen grossen Wortschatz. Du beherrschst [&hellip;]<\/p>\n","protected":false},"author":6,"featured_media":0,"parent":0,"menu_order":0,"comment_status":"closed","ping_status":"closed","template":"","meta":{"footnotes":""},"class_list":["post-2470","page","type-page","status-publish","hentry"],"_links":{"self":[{"href":"https:\/\/italksprachschule.ch\/de\/wp-json\/wp\/v2\/pages\/2470","targetHints":{"allow":["GET"]}}],"collection":[{"href":"https:\/\/italksprachschule.ch\/de\/wp-json\/wp\/v2\/pages"}],"about":[{"href":"https:\/\/italksprachschule.ch\/de\/wp-json\/wp\/v2\/types\/page"}],"author":[{"embeddable":true,"href":"https:\/\/italksprachschule.ch\/de\/wp-json\/wp\/v2\/users\/6"}],"replies":[{"embeddable":true,"href":"https:\/\/italksprachschule.ch\/de\/wp-json\/wp\/v2\/comments?post=2470"}],"version-history":[{"count":13,"href":"https:\/\/italksprachschule.ch\/de\/wp-json\/wp\/v2\/pages\/2470\/revisions"}],"predecessor-version":[{"id":10556,"href":"https:\/\/italksprachschule.ch\/de\/wp-json\/wp\/v2\/pages\/2470\/revisions\/10556"}],"wp:attachment":[{"href":"https:\/\/italksprachschule.ch\/de\/wp-json\/wp\/v2\/media?parent=2470"}],"curies":[{"name":"wp","href":"https:\/\/api.w.org\/{rel}","templated":true}]}}