{"id":2489,"date":"2019-07-08T11:19:18","date_gmt":"2019-07-08T09:19:18","guid":{"rendered":"https:\/\/www.italksprachschule.ch\/?page_id=2489"},"modified":"2025-09-02T13:01:37","modified_gmt":"2025-09-02T11:01:37","slug":"telc-c1-deutsch-modelltest","status":"publish","type":"page","link":"https:\/\/italksprachschule.ch\/de\/telc-c1-deutsch-modelltest\/","title":{"rendered":"TELC C1 Deutsch Zertifikat"},"content":{"rendered":"\t\t<div data-elementor-type=\"wp-page\" data-elementor-id=\"2489\" class=\"elementor elementor-2489 elementor-2488\" data-elementor-post-type=\"page\">\n\t\t\t\t\t\t<section class=\"elementor-section elementor-top-section elementor-element elementor-element-35b2906b elementor-section-boxed elementor-section-height-default elementor-section-height-default\" data-id=\"35b2906b\" data-element_type=\"section\" data-e-type=\"section\">\n\t\t\t\t\t\t<div class=\"elementor-container elementor-column-gap-default\">\n\t\t\t\t\t<div class=\"elementor-column elementor-col-100 elementor-top-column elementor-element elementor-element-60cc39a6\" data-id=\"60cc39a6\" data-element_type=\"column\" data-e-type=\"column\">\n\t\t\t<div class=\"elementor-widget-wrap elementor-element-populated\">\n\t\t\t\t\t\t<div class=\"elementor-element elementor-element-b64638f elementor-widget elementor-widget-text-editor\" data-id=\"b64638f\" data-element_type=\"widget\" data-e-type=\"widget\" data-widget_type=\"text-editor.default\">\n\t\t\t\t<div class=\"elementor-widget-container\">\n\t\t\t\t\t\t\t\t\t<p>Du m\u00f6chtest die Pr\u00fcfung C1 telc absolvieren? Hier findest du Tipps, Tricks, einen Modelltest und weitere Informationen \u00fcber die Pr\u00fcfung und Vorbereitung.<\/p><p>Auf dem Niveau C1 kannst du dich spontan und fliessend ausdr\u00fccken. Mit umgangssprachlichen Wendungen bist du vertraut und kannst den Sprachstil gezielt variieren. Du beh\u00e4ltst ein hohes Mass an grammatischer Korrektheit bei.<\/p><p>Hier findest du den Modelltest C1\/ C1 Hochschule:<\/p><div class=\"pdflinks\"><p><a href=\"https:\/\/forms.office.com\/e\/u62xs2fddx\" target=\"_blank\" rel=\"noopener\">TELC C1\/C1 Hochschule<\/a><\/p><\/div><p>In diesem Video erkl\u00e4ren wir dir, wie du den Test bestehst. Ausserdem gibt es hier Praxis\u00fcbungen:<\/p>\t\t\t\t\t\t\t\t<\/div>\n\t\t\t\t<\/div>\n\t\t\t\t<div class=\"elementor-element elementor-element-80ea9ba elementor-widget elementor-widget-button\" data-id=\"80ea9ba\" data-element_type=\"widget\" data-e-type=\"widget\" data-widget_type=\"button.default\">\n\t\t\t\t<div class=\"elementor-widget-container\">\n\t\t\t\t\t\t\t\t\t<div class=\"elementor-button-wrapper\">\n\t\t\t\t\t<a class=\"elementor-button elementor-button-link elementor-size-sm\" href=\"https:\/\/italksprachschule.ch\/de\/enrol\/anmeldung-zu-einer-telc-prufung\/\">\n\t\t\t\t\t\t<span class=\"elementor-button-content-wrapper\">\n\t\t\t\t\t\t<span class=\"elementor-button-icon\">\n\t\t\t\t<i aria-hidden=\"true\" class=\"far fa-thumbs-up\"><\/i>\t\t\t<\/span>\n\t\t\t\t\t\t\t\t\t<span class=\"elementor-button-text\">Anmeldung zu einer telc Pr\u00fcfung<\/span>\n\t\t\t\t\t<\/span>\n\t\t\t\t\t<\/a>\n\t\t\t\t<\/div>\n\t\t\t\t\t\t\t\t<\/div>\n\t\t\t\t<\/div>\n\t\t\t\t<div class=\"elementor-element elementor-element-0806f92 elementor-widget elementor-widget-video\" data-id=\"0806f92\" data-element_type=\"widget\" data-e-type=\"widget\" data-settings=\"{&quot;youtube_url&quot;:&quot;https:\\\/\\\/youtu.be\\\/gigJcmtD-FQ&quot;,&quot;video_type&quot;:&quot;youtube&quot;,&quot;controls&quot;:&quot;yes&quot;}\" data-widget_type=\"video.default\">\n\t\t\t\t<div class=\"elementor-widget-container\">\n\t\t\t\t\t\t\t<div class=\"elementor-wrapper elementor-open-inline\">\n\t\t\t<div class=\"elementor-video\"><\/div>\t\t<\/div>\n\t\t\t\t\t\t<\/div>\n\t\t\t\t<\/div>\n\t\t\t\t\t<\/div>\n\t\t<\/div>\n\t\t\t\t\t<\/div>\n\t\t<\/section>\n\t\t\t\t<\/div>\n\t\t","protected":false},"excerpt":{"rendered":"<p>Du m\u00f6chtest die Pr\u00fcfung C1 telc absolvieren? Hier findest du Tipps, Tricks, einen Modelltest und weitere Informationen \u00fcber die Pr\u00fcfung und Vorbereitung. Auf dem Niveau C1 kannst du dich spontan und fliessend ausdr\u00fccken. Mit umgangssprachlichen Wendungen bist du vertraut und kannst den Sprachstil gezielt variieren. Du beh\u00e4ltst ein hohes Mass an grammatischer Korrektheit bei. Hier [&hellip;]<\/p>\n","protected":false},"author":6,"featured_media":0,"parent":0,"menu_order":0,"comment_status":"closed","ping_status":"closed","template":"","meta":{"footnotes":""},"class_list":["post-2489","page","type-page","status-publish","hentry"],"_links":{"self":[{"href":"https:\/\/italksprachschule.ch\/de\/wp-json\/wp\/v2\/pages\/2489","targetHints":{"allow":["GET"]}}],"collection":[{"href":"https:\/\/italksprachschule.ch\/de\/wp-json\/wp\/v2\/pages"}],"about":[{"href":"https:\/\/italksprachschule.ch\/de\/wp-json\/wp\/v2\/types\/page"}],"author":[{"embeddable":true,"href":"https:\/\/italksprachschule.ch\/de\/wp-json\/wp\/v2\/users\/6"}],"replies":[{"embeddable":true,"href":"https:\/\/italksprachschule.ch\/de\/wp-json\/wp\/v2\/comments?post=2489"}],"version-history":[{"count":29,"href":"https:\/\/italksprachschule.ch\/de\/wp-json\/wp\/v2\/pages\/2489\/revisions"}],"predecessor-version":[{"id":10559,"href":"https:\/\/italksprachschule.ch\/de\/wp-json\/wp\/v2\/pages\/2489\/revisions\/10559"}],"wp:attachment":[{"href":"https:\/\/italksprachschule.ch\/de\/wp-json\/wp\/v2\/media?parent=2489"}],"curies":[{"name":"wp","href":"https:\/\/api.w.org\/{rel}","templated":true}]}}