{"id":5721,"date":"2022-10-19T18:43:17","date_gmt":"2022-10-19T16:43:17","guid":{"rendered":"https:\/\/italksprachschule.ch\/fide-exam\/"},"modified":"2026-03-19T22:05:10","modified_gmt":"2026-03-19T20:05:10","slug":"fide-modelltest","status":"publish","type":"page","link":"https:\/\/italksprachschule.ch\/de\/fide-modelltest\/","title":{"rendered":"fide-Test"},"content":{"rendered":"\t\t<div data-elementor-type=\"wp-page\" data-elementor-id=\"5721\" class=\"elementor elementor-5721 elementor-5678\" data-elementor-post-type=\"page\">\n\t\t\t\t\t\t<section class=\"elementor-section elementor-top-section elementor-element elementor-element-52df5e19 elementor-section-content-top elementor-section-boxed elementor-section-height-default elementor-section-height-default\" data-id=\"52df5e19\" data-element_type=\"section\" data-e-type=\"section\" data-settings=\"{&quot;background_background&quot;:&quot;classic&quot;}\">\n\t\t\t\t\t\t<div class=\"elementor-container elementor-column-gap-wide\">\n\t\t\t\t\t<div class=\"elementor-column elementor-col-50 elementor-top-column elementor-element elementor-element-1116ac6f\" data-id=\"1116ac6f\" data-element_type=\"column\" data-e-type=\"column\">\n\t\t\t<div class=\"elementor-widget-wrap elementor-element-populated\">\n\t\t\t\t\t\t<div class=\"elementor-element elementor-element-f73b25b elementor-widget elementor-widget-heading\" data-id=\"f73b25b\" data-element_type=\"widget\" data-e-type=\"widget\" data-widget_type=\"heading.default\">\n\t\t\t\t<div class=\"elementor-widget-container\">\n\t\t\t\t\t<h1 class=\"elementor-heading-title elementor-size-default\">fide-Test Deutsch <span style=\"font-family: inherit\"><\/span><br><\/h1>\t\t\t\t<\/div>\n\t\t\t\t<\/div>\n\t\t\t\t<div class=\"elementor-element elementor-element-662e3c elementor-widget elementor-widget-text-editor\" data-id=\"662e3c\" data-element_type=\"widget\" data-e-type=\"widget\" data-widget_type=\"text-editor.default\">\n\t\t\t\t<div class=\"elementor-widget-container\">\n\t\t\t\t\t\t\t\t\t<p><strong>Wann kann ich den fide-Test an der Italk Sprachschule ablegen?<\/strong><\/p>\n<p>Wir nehmen den Test jeden Tag (Montag bis Samstag) ab. W\u00e4hlen Sie einfach aus, welcher Tag f\u00fcr Sie in Frage kommt.<\/p>\n<p><strong>Wie kann ich mich zum fide-Test anmelden?<\/strong><\/p>\n<p>Sie k\u00f6nnen direkt uns kontaktieren, um sich anzumelden (sp\u00e4testens 17 Tage vor dem Testdatum) oder auf diesen <strong><a href=\"https:\/\/italksprachschule.ch\/de\/enrol\/anmeldeformular-fide-test\/\">Link<\/a><\/strong> klicken. Bei der Anmeldung k\u00f6nnen Sie auch w\u00e4hlen, ob Sie den ganzen fide-Test, nur den schriftlichen Teil oder nur den m\u00fcndlichen Teil machen m\u00f6chten.<\/p>\t\t\t\t\t\t\t\t<\/div>\n\t\t\t\t<\/div>\n\t\t\t\t\t<\/div>\n\t\t<\/div>\n\t\t\t\t<div class=\"elementor-column elementor-col-50 elementor-top-column elementor-element elementor-element-3cce0123\" data-id=\"3cce0123\" data-element_type=\"column\" data-e-type=\"column\">\n\t\t\t<div class=\"elementor-widget-wrap elementor-element-populated\">\n\t\t\t\t\t\t<div class=\"elementor-element elementor-element-009cf90 elementor-widget elementor-widget-image\" data-id=\"009cf90\" data-element_type=\"widget\" data-e-type=\"widget\" data-widget_type=\"image.default\">\n\t\t\t\t<div class=\"elementor-widget-container\">\n\t\t\t\t\t\t\t\t\t\t\t\t\t\t\t<img fetchpriority=\"high\" decoding=\"async\" width=\"300\" height=\"196\" src=\"https:\/\/italksprachschule.ch\/wp-content\/uploads\/2022\/10\/fideLogo_Test_D_rgb-300x196.png\" class=\"attachment-medium size-medium wp-image-5681\" alt=\"\" srcset=\"https:\/\/italksprachschule.ch\/wp-content\/uploads\/2022\/10\/fideLogo_Test_D_rgb-300x196.png 300w, https:\/\/italksprachschule.ch\/wp-content\/uploads\/2022\/10\/fideLogo_Test_D_rgb-768x501.png 768w, https:\/\/italksprachschule.ch\/wp-content\/uploads\/2022\/10\/fideLogo_Test_D_rgb.png 827w\" sizes=\"(max-width: 300px) 100vw, 300px\" \/>\t\t\t\t\t\t\t\t\t\t\t\t\t\t\t<\/div>\n\t\t\t\t<\/div>\n\t\t\t\t<div class=\"elementor-element elementor-element-cc8919e elementor-widget elementor-widget-heading\" data-id=\"cc8919e\" data-element_type=\"widget\" data-e-type=\"widget\" data-widget_type=\"heading.default\">\n\t\t\t\t<div class=\"elementor-widget-container\">\n\t\t\t\t\t<h2 class=\"elementor-heading-title elementor-size-default\">Modelltest<\/h2>\t\t\t\t<\/div>\n\t\t\t\t<\/div>\n\t\t\t\t<div class=\"elementor-element elementor-element-70c68e0 elementor-widget elementor-widget-image\" data-id=\"70c68e0\" data-element_type=\"widget\" data-e-type=\"widget\" data-widget_type=\"image.default\">\n\t\t\t\t<div class=\"elementor-widget-container\">\n\t\t\t\t\t\t\t\t\t\t\t\t\t\t\t<img decoding=\"async\" width=\"176\" height=\"252\" src=\"https:\/\/italksprachschule.ch\/wp-content\/uploads\/2022\/10\/fide-test_miniatur_de_kontext-151.jpg\" class=\"attachment-medium size-medium wp-image-5773\" alt=\"\" \/>\t\t\t\t\t\t\t\t\t\t\t\t\t\t\t<\/div>\n\t\t\t\t<\/div>\n\t\t\t\t<div class=\"elementor-element elementor-element-ffb9da6 elementor-icon-list--layout-traditional elementor-list-item-link-full_width elementor-widget elementor-widget-icon-list\" data-id=\"ffb9da6\" data-element_type=\"widget\" data-e-type=\"widget\" data-widget_type=\"icon-list.default\">\n\t\t\t\t<div class=\"elementor-widget-container\">\n\t\t\t\t\t\t\t<ul class=\"elementor-icon-list-items\">\n\t\t\t\t\t\t\t<li class=\"elementor-icon-list-item\">\n\t\t\t\t\t\t\t\t\t\t\t<a href=\"https:\/\/fide-service.ch\/doc\/220\/fideDE_FideTestModellversion.zip\" target=\"_blank\" rel=\"noopener\">\n\n\t\t\t\t\t\t\t\t\t\t\t\t<span class=\"elementor-icon-list-icon\">\n\t\t\t\t\t\t\t<i aria-hidden=\"true\" class=\"fas fa-download\"><\/i>\t\t\t\t\t\t<\/span>\n\t\t\t\t\t\t\t\t\t\t<span class=\"elementor-icon-list-text\">Download Gesamtversion<\/span>\n\t\t\t\t\t\t\t\t\t\t\t<\/a>\n\t\t\t\t\t\t\t\t\t<\/li>\n\t\t\t\t\t\t<\/ul>\n\t\t\t\t\t\t<\/div>\n\t\t\t\t<\/div>\n\t\t\t\t\t<\/div>\n\t\t<\/div>\n\t\t\t\t\t<\/div>\n\t\t<\/section>\n\t\t\t\t<section class=\"elementor-section elementor-top-section elementor-element elementor-element-699c3037 elementor-section-boxed elementor-section-height-default elementor-section-height-default\" data-id=\"699c3037\" data-element_type=\"section\" data-e-type=\"section\" data-settings=\"{&quot;background_background&quot;:&quot;classic&quot;}\">\n\t\t\t\t\t\t<div class=\"elementor-container elementor-column-gap-wide\">\n\t\t\t\t\t<div class=\"elementor-column elementor-col-100 elementor-top-column elementor-element elementor-element-320f75f2\" data-id=\"320f75f2\" data-element_type=\"column\" data-e-type=\"column\">\n\t\t\t<div class=\"elementor-widget-wrap elementor-element-populated\">\n\t\t\t\t\t\t<div class=\"elementor-element elementor-element-bc66fb1 elementor-widget elementor-widget-text-editor\" data-id=\"bc66fb1\" data-element_type=\"widget\" data-e-type=\"widget\" data-widget_type=\"text-editor.default\">\n\t\t\t\t<div class=\"elementor-widget-container\">\n\t\t\t\t\t\t\t\t\t<p><strong>Was kostet der fide-Test?<\/strong><\/p><p>Der ganze Test kostet CHF 250.\u2013. Nur der m\u00fcndliche Teil kostet CHF 170.\u2013, nur der schriftliche Teil kostet CHF 120.\u2013.<\/p><p><strong>Wie lange dauert der fide-Test?<\/strong><\/p><p>Der m\u00fcndliche Teil dauert 40 Minuten, Einf\u00fchrung ca. 15 Minuten, der schriftliche Teil 60 Minuten.<\/p><p><strong>Welche Niveaus werden im fide-Test gepr\u00fcft?<\/strong><\/p><p>Beide Teile (m\u00fcndlich und schriftlich) k\u00f6nnen in zwei verschiedenen Niveaukombinationen abgelegt werden (A1-A2 oder A2-B1). Bitte beachten Sie, dass B1 das h\u00f6chste Niveau ist, das Sie mit dem fide-Test erreichen k\u00f6nnen. Wenn Sie ein h\u00f6heres Niveau ben\u00f6tigen, k\u00f6nnen Sie eine telc-Pr\u00fcfung ablegen.<br \/><br \/><strong>Wann erhalte ich die Resultate \/ den Sprachenpass?<\/strong><\/p><p>Sie erhalten den Sprachenpass und die Test-Resultate circa 4 Wochen nach dem Test direkt per Post. Italk Sprachschule und die Gesch\u00e4ftsstelle fide k\u00f6nnen am Telefon keine Informationen zu den Resultaten geben.<\/p>\t\t\t\t\t\t\t\t<\/div>\n\t\t\t\t<\/div>\n\t\t\t\t\t<\/div>\n\t\t<\/div>\n\t\t\t\t\t<\/div>\n\t\t<\/section>\n\t\t\t\t<section class=\"elementor-section elementor-top-section elementor-element elementor-element-ca71879 elementor-section-boxed elementor-section-height-default elementor-section-height-default\" data-id=\"ca71879\" data-element_type=\"section\" data-e-type=\"section\">\n\t\t\t\t\t\t<div class=\"elementor-container elementor-column-gap-default\">\n\t\t\t\t\t<div class=\"elementor-column elementor-col-100 elementor-top-column elementor-element elementor-element-fd4f5fc\" data-id=\"fd4f5fc\" data-element_type=\"column\" data-e-type=\"column\">\n\t\t\t<div class=\"elementor-widget-wrap elementor-element-populated\">\n\t\t\t\t\t\t<div class=\"elementor-element elementor-element-e6756cb elementor-widget elementor-widget-html\" data-id=\"e6756cb\" data-element_type=\"widget\" data-e-type=\"widget\" data-widget_type=\"html.default\">\n\t\t\t\t<div class=\"elementor-widget-container\">\n\t\t\t\t\t<script src=\"https:\/\/static.elfsight.com\/platform\/platform.js\" async><\/script>\n<div class=\"elfsight-app-416a7fbc-689e-4b88-be46-5eb324761066\" data-elfsight-app-lazy><\/div>\t\t\t\t<\/div>\n\t\t\t\t<\/div>\n\t\t\t\t\t<\/div>\n\t\t<\/div>\n\t\t\t\t\t<\/div>\n\t\t<\/section>\n\t\t\t\t<section class=\"elementor-section elementor-top-section elementor-element elementor-element-d531a29 elementor-section-content-middle elementor-section-boxed elementor-section-height-default elementor-section-height-default\" data-id=\"d531a29\" data-element_type=\"section\" data-e-type=\"section\" data-settings=\"{&quot;background_background&quot;:&quot;classic&quot;}\">\n\t\t\t\t\t\t<div class=\"elementor-container elementor-column-gap-wide\">\n\t\t\t\t\t<div class=\"elementor-column elementor-col-50 elementor-top-column elementor-element elementor-element-bec951a\" data-id=\"bec951a\" data-element_type=\"column\" data-e-type=\"column\">\n\t\t\t<div class=\"elementor-widget-wrap elementor-element-populated\">\n\t\t\t\t\t\t<div class=\"elementor-element elementor-element-4e8253d elementor-widget elementor-widget-text-editor\" data-id=\"4e8253d\" data-element_type=\"widget\" data-e-type=\"widget\" data-widget_type=\"text-editor.default\">\n\t\t\t\t<div class=\"elementor-widget-container\">\n\t\t\t\t\t\t\t\t\t<p><strong>Was bieten wir noch an?<\/strong><\/p><p>Vorbereitungskurs f\u00fcr den fide-Test inklusive Konversationspraxis f\u00fcr den m\u00fcndlichen Teil.<\/p><p><span style=\"text-decoration: underline;\"><span style=\"color: #ffffff;\"><a style=\"color: #ffffff; text-decoration: underline;\" href=\"https:\/\/fide-service.ch\/doc\/4787\/fideDE_ReglementFideTest.pdf\" target=\"_blank\" rel=\"noopener\">Reglement zur Teilnahme am fide-Test<\/a><\/span><\/span><\/p>\t\t\t\t\t\t\t\t<\/div>\n\t\t\t\t<\/div>\n\t\t\t\t\t<\/div>\n\t\t<\/div>\n\t\t\t\t<div class=\"elementor-column elementor-col-50 elementor-top-column elementor-element elementor-element-928dc1c\" data-id=\"928dc1c\" data-element_type=\"column\" data-e-type=\"column\">\n\t\t\t<div class=\"elementor-widget-wrap elementor-element-populated\">\n\t\t\t\t\t\t<div class=\"elementor-element elementor-element-35bf649 elementor-widget elementor-widget-image\" data-id=\"35bf649\" data-element_type=\"widget\" data-e-type=\"widget\" data-widget_type=\"image.default\">\n\t\t\t\t<div class=\"elementor-widget-container\">\n\t\t\t\t\t\t\t\t\t\t\t\t\t\t\t<img decoding=\"async\" src=\"https:\/\/italksprachschule.ch\/wp-content\/uploads\/elementor\/thumbs\/Screenshot-2022-10-13-at-10.45.40-pwfmshjrp1pgqlb2c25174fcdh271p3tl5ixycm0wq.png\" title=\"Screenshot 2022-10-13 at 10.45.40\" alt=\"Screenshot 2022-10-13 at 10.45.40\" loading=\"lazy\" \/>\t\t\t\t\t\t\t\t\t\t\t\t\t\t\t<\/div>\n\t\t\t\t<\/div>\n\t\t\t\t\t<\/div>\n\t\t<\/div>\n\t\t\t\t\t<\/div>\n\t\t<\/section>\n\t\t\t\t<\/div>\n\t\t","protected":false},"excerpt":{"rendered":"<p>fide-Test Deutsch Wann kann ich den fide-Test an der Italk Sprachschule ablegen? Wir nehmen den Test jeden Tag (Montag bis Samstag) ab. W\u00e4hlen Sie einfach aus, welcher Tag f\u00fcr Sie in Frage kommt. Wie kann ich mich zum fide-Test anmelden? Sie k\u00f6nnen direkt uns kontaktieren, um sich anzumelden (sp\u00e4testens 17 Tage vor dem Testdatum) oder [&hellip;]<\/p>\n","protected":false},"author":6,"featured_media":0,"parent":0,"menu_order":0,"comment_status":"closed","ping_status":"closed","template":"elementor_header_footer","meta":{"footnotes":""},"class_list":["post-5721","page","type-page","status-publish","hentry"],"_links":{"self":[{"href":"https:\/\/italksprachschule.ch\/de\/wp-json\/wp\/v2\/pages\/5721","targetHints":{"allow":["GET"]}}],"collection":[{"href":"https:\/\/italksprachschule.ch\/de\/wp-json\/wp\/v2\/pages"}],"about":[{"href":"https:\/\/italksprachschule.ch\/de\/wp-json\/wp\/v2\/types\/page"}],"author":[{"embeddable":true,"href":"https:\/\/italksprachschule.ch\/de\/wp-json\/wp\/v2\/users\/6"}],"replies":[{"embeddable":true,"href":"https:\/\/italksprachschule.ch\/de\/wp-json\/wp\/v2\/comments?post=5721"}],"version-history":[{"count":56,"href":"https:\/\/italksprachschule.ch\/de\/wp-json\/wp\/v2\/pages\/5721\/revisions"}],"predecessor-version":[{"id":12287,"href":"https:\/\/italksprachschule.ch\/de\/wp-json\/wp\/v2\/pages\/5721\/revisions\/12287"}],"wp:attachment":[{"href":"https:\/\/italksprachschule.ch\/de\/wp-json\/wp\/v2\/media?parent=5721"}],"curies":[{"name":"wp","href":"https:\/\/api.w.org\/{rel}","templated":true}]}}