{"id":6333,"date":"2023-11-07T16:05:04","date_gmt":"2023-11-07T14:05:04","guid":{"rendered":"https:\/\/italksprachschule.ch\/grammatik\/konnektoren\/"},"modified":"2024-05-29T16:49:53","modified_gmt":"2024-05-29T14:49:53","slug":"konnektoren","status":"publish","type":"page","link":"https:\/\/italksprachschule.ch\/de\/ubungen\/grammatik\/konnektoren\/","title":{"rendered":"Konnektoren"},"content":{"rendered":"<p>Es ist sch\u00f6n, wenn wir S\u00e4tze mit Konnektoren verbinden. Doch welche Konnektoren sollst du wann benutzen? Und wo steht das Verb? Erfahre mehr hier!<\/p>\n<p>&nbsp;<\/p>\n<div class=\"pdflinks\"><a href=\"https:\/\/italksprachschule.ch\/wp-content\/uploads\/2019\/06\/Theorie-Konnektoren.pdf\" target=\"_blank\" rel=\"noopener noreferrer\">Theorie Konnektoren<\/a><a href=\"https:\/\/italksprachschule.ch\/wp-content\/uploads\/2019\/06\/\u00dcbung-1-Konnektor-dass-.pdf\" target=\"_blank\" rel=\"noopener noreferrer\">\u00dcbung 1 Konnektor dass<\/a><\/p>\n<p><a href=\"https:\/\/italksprachschule.ch\/wp-content\/uploads\/2019\/06\/\u00dcbung-2-Konnektoren.pdf\" target=\"_blank\" rel=\"noopener noreferrer\">\u00dcbung 2 Konnektoren<\/a><\/p>\n<p><a href=\"https:\/\/italksprachschule.ch\/wp-content\/uploads\/2019\/06\/\u00dcbung-3-Zweiteilige-Konnektoren-.pdf\" target=\"_blank\" rel=\"noopener noreferrer\">\u00dcbung 3 Zweiteilige Konnektoren<\/a><\/p>\n<p><a href=\"https:\/\/italksprachschule.ch\/wp-content\/uploads\/2019\/06\/\u00dcbung-4-Konnektoren-und-Pr\u00e4positionen.pdf\" target=\"_blank\" rel=\"noopener noreferrer\">\u00dcbung 4 Konnektoren und Pr\u00e4positionen<\/a><\/p>\n<p><a href=\"https:\/\/italksprachschule.ch\/wp-content\/uploads\/2019\/06\/\u00dcbung-5-Konnektoren-.pdf\" target=\"_blank\" rel=\"noopener noreferrer\">\u00dcbung 5 Konnektoren<\/a><\/p>\n<\/div>\n","protected":false},"excerpt":{"rendered":"<p>Es ist sch\u00f6n, wenn wir S\u00e4tze mit Konnektoren verbinden. Doch welche Konnektoren sollst du wann benutzen? Und wo steht das Verb? Erfahre mehr hier! &nbsp; Theorie Konnektoren\u00dcbung 1 Konnektor dass \u00dcbung 2 Konnektoren \u00dcbung 3 Zweiteilige Konnektoren \u00dcbung 4 Konnektoren und Pr\u00e4positionen \u00dcbung 5 Konnektoren<\/p>\n","protected":false},"author":6,"featured_media":0,"parent":6314,"menu_order":0,"comment_status":"closed","ping_status":"closed","template":"","meta":{"footnotes":""},"class_list":["post-6333","page","type-page","status-publish","hentry"],"_links":{"self":[{"href":"https:\/\/italksprachschule.ch\/de\/wp-json\/wp\/v2\/pages\/6333","targetHints":{"allow":["GET"]}}],"collection":[{"href":"https:\/\/italksprachschule.ch\/de\/wp-json\/wp\/v2\/pages"}],"about":[{"href":"https:\/\/italksprachschule.ch\/de\/wp-json\/wp\/v2\/types\/page"}],"author":[{"embeddable":true,"href":"https:\/\/italksprachschule.ch\/de\/wp-json\/wp\/v2\/users\/6"}],"replies":[{"embeddable":true,"href":"https:\/\/italksprachschule.ch\/de\/wp-json\/wp\/v2\/comments?post=6333"}],"version-history":[{"count":1,"href":"https:\/\/italksprachschule.ch\/de\/wp-json\/wp\/v2\/pages\/6333\/revisions"}],"predecessor-version":[{"id":6829,"href":"https:\/\/italksprachschule.ch\/de\/wp-json\/wp\/v2\/pages\/6333\/revisions\/6829"}],"up":[{"embeddable":true,"href":"https:\/\/italksprachschule.ch\/de\/wp-json\/wp\/v2\/pages\/6314"}],"wp:attachment":[{"href":"https:\/\/italksprachschule.ch\/de\/wp-json\/wp\/v2\/media?parent=6333"}],"curies":[{"name":"wp","href":"https:\/\/api.w.org\/{rel}","templated":true}]}}