{"id":6390,"date":"2023-11-07T20:04:57","date_gmt":"2023-11-07T18:04:57","guid":{"rendered":"https:\/\/italksprachschule.ch\/?page_id=6390"},"modified":"2025-09-05T17:22:13","modified_gmt":"2025-09-05T15:22:13","slug":"lesen-a1-a2","status":"publish","type":"page","link":"https:\/\/italksprachschule.ch\/de\/ubungen\/lesen-a1-a2\/","title":{"rendered":"Lesen A1-A2"},"content":{"rendered":"\t\t<div data-elementor-type=\"wp-page\" data-elementor-id=\"6390\" class=\"elementor elementor-6390 elementor-1623\" data-elementor-post-type=\"page\">\n\t\t\t\t\t\t<section class=\"elementor-section elementor-top-section elementor-element elementor-element-1a8db58f elementor-reverse-mobile elementor-section-boxed elementor-section-height-default elementor-section-height-default\" data-id=\"1a8db58f\" data-element_type=\"section\" data-e-type=\"section\">\n\t\t\t\t\t\t<div class=\"elementor-container elementor-column-gap-wider\">\n\t\t\t\t\t<div class=\"elementor-column elementor-col-50 elementor-top-column elementor-element elementor-element-4cdd5ab\" data-id=\"4cdd5ab\" data-element_type=\"column\" data-e-type=\"column\">\n\t\t\t<div class=\"elementor-widget-wrap elementor-element-populated\">\n\t\t\t\t\t\t<div class=\"elementor-element elementor-element-22a5276 elementor-widget elementor-widget-image\" data-id=\"22a5276\" data-element_type=\"widget\" data-e-type=\"widget\" data-widget_type=\"image.default\">\n\t\t\t\t<div class=\"elementor-widget-container\">\n\t\t\t\t\t\t\t\t\t\t\t\t\t\t\t<img fetchpriority=\"high\" decoding=\"async\" width=\"800\" height=\"819\" src=\"https:\/\/italksprachschule.ch\/wp-content\/uploads\/2019\/07\/lesen-1000x1024.jpg\" class=\"attachment-large size-large wp-image-2321\" alt=\"\" srcset=\"https:\/\/italksprachschule.ch\/wp-content\/uploads\/2019\/07\/lesen-1000x1024.jpg 1000w, https:\/\/italksprachschule.ch\/wp-content\/uploads\/2019\/07\/lesen-460x471.jpg 460w, https:\/\/italksprachschule.ch\/wp-content\/uploads\/2019\/07\/lesen-768x786.jpg 768w, https:\/\/italksprachschule.ch\/wp-content\/uploads\/2019\/07\/lesen-117x120.jpg 117w, https:\/\/italksprachschule.ch\/wp-content\/uploads\/2019\/07\/lesen-310x317.jpg 310w\" sizes=\"(max-width: 800px) 100vw, 800px\" \/>\t\t\t\t\t\t\t\t\t\t\t\t\t\t\t<\/div>\n\t\t\t\t<\/div>\n\t\t\t\t\t<\/div>\n\t\t<\/div>\n\t\t\t\t<div class=\"elementor-column elementor-col-50 elementor-top-column elementor-element elementor-element-70b0c2ff\" data-id=\"70b0c2ff\" data-element_type=\"column\" data-e-type=\"column\">\n\t\t\t<div class=\"elementor-widget-wrap elementor-element-populated\">\n\t\t\t\t\t\t<div class=\"elementor-element elementor-element-334c4d9f elementor-widget elementor-widget-text-editor\" data-id=\"334c4d9f\" data-element_type=\"widget\" data-e-type=\"widget\" data-widget_type=\"text-editor.default\">\n\t\t\t\t<div class=\"elementor-widget-container\">\n\t\t\t\t\t\t\t\t\t<p>Hier findest du Materialien zum Lesen. Ein Lernender mit einem Niveau von A1 hat einen Wortschatz von 500 W\u00f6rtern und ein Lernender mit einem Niveau von A2 einen Wortschatz von ungef\u00e4hr 1000 W\u00f6rtern.<\/p>\n<p>&nbsp;<\/p>\n<div class=\"pdflinks\">\n<p><a href=\"https:\/\/italksprachschule.ch\/wp-content\/uploads\/2019\/06\/Einladung-zum-Kaffeetrinken-.pdf\" target=\"_blank\" rel=\"noopener noreferrer\">Einladung zum Kaffeetrinken<\/a><\/p>\n<p><a href=\"https:\/\/italksprachschule.ch\/wp-content\/uploads\/2019\/06\/E-Mail.pdf\" target=\"_blank\" rel=\"noopener noreferrer\">E-Mail<\/a><\/p>\n<p><a href=\"https:\/\/italksprachschule.ch\/wp-content\/uploads\/2019\/06\/Kaufen-.pdf\" target=\"_blank\" rel=\"noopener noreferrer\">Kaufen<\/a><\/p>\n<p><a href=\"https:\/\/italksprachschule.ch\/wp-content\/uploads\/2019\/06\/Krankenhaus.pdf\" target=\"_blank\" rel=\"noopener noreferrer\">Krankenhaus<\/a><\/p>\n<p><a href=\"https:\/\/italksprachschule.ch\/wp-content\/uploads\/2019\/06\/Post-von-der-Schule-.pdf\" target=\"_blank\" rel=\"noopener noreferrer\">Post von der Schule<\/a><\/p>\n<p><a href=\"https:\/\/italksprachschule.ch\/wp-content\/uploads\/2019\/06\/Ratschl\u00e4ge.pdf\" target=\"_blank\" rel=\"noopener noreferrer\">Ratschl\u00e4ge<\/a><\/p>\n<p><a href=\"https:\/\/italksprachschule.ch\/wp-content\/uploads\/2019\/06\/Schokolade.pdf\" target=\"_blank\" rel=\"noopener noreferrer\">Schokolade<\/a><\/p>\n<p><a href=\"https:\/\/italksprachschule.ch\/wp-content\/uploads\/2019\/06\/Tagesablauf.pdf\" target=\"_blank\" rel=\"noopener noreferrer\">Tagesablauf<\/a><\/p>\n<p><a href=\"https:\/\/italksprachschule.ch\/wp-content\/uploads\/2019\/06\/Unterwegs.pdf\" target=\"_blank\" rel=\"noopener noreferrer\">Unterwegs<\/a><\/p>\n<p><a href=\"https:\/\/italksprachschule.ch\/wp-content\/uploads\/2019\/06\/Verkehr.pdf\" target=\"_blank\" rel=\"noopener noreferrer\">Verkehr<\/a><\/p>\n<\/div>\n\t\t\t\t\t\t\t\t<\/div>\n\t\t\t\t<\/div>\n\t\t\t\t\t<\/div>\n\t\t<\/div>\n\t\t\t\t\t<\/div>\n\t\t<\/section>\n\t\t\t\t<\/div>\n\t\t","protected":false},"excerpt":{"rendered":"<p>Hier findest du Materialien zum Lesen. Ein Lernender mit einem Niveau von A1 hat einen Wortschatz von 500 W\u00f6rtern und ein Lernender mit einem Niveau von A2 einen Wortschatz von ungef\u00e4hr 1000 W\u00f6rtern. &nbsp; Einladung zum Kaffeetrinken E-Mail Kaufen Krankenhaus Post von der Schule Ratschl\u00e4ge Schokolade Tagesablauf Unterwegs Verkehr<\/p>\n","protected":false},"author":6,"featured_media":0,"parent":6360,"menu_order":0,"comment_status":"closed","ping_status":"closed","template":"","meta":{"footnotes":""},"class_list":["post-6390","page","type-page","status-publish","hentry"],"_links":{"self":[{"href":"https:\/\/italksprachschule.ch\/de\/wp-json\/wp\/v2\/pages\/6390","targetHints":{"allow":["GET"]}}],"collection":[{"href":"https:\/\/italksprachschule.ch\/de\/wp-json\/wp\/v2\/pages"}],"about":[{"href":"https:\/\/italksprachschule.ch\/de\/wp-json\/wp\/v2\/types\/page"}],"author":[{"embeddable":true,"href":"https:\/\/italksprachschule.ch\/de\/wp-json\/wp\/v2\/users\/6"}],"replies":[{"embeddable":true,"href":"https:\/\/italksprachschule.ch\/de\/wp-json\/wp\/v2\/comments?post=6390"}],"version-history":[{"count":8,"href":"https:\/\/italksprachschule.ch\/de\/wp-json\/wp\/v2\/pages\/6390\/revisions"}],"predecessor-version":[{"id":10729,"href":"https:\/\/italksprachschule.ch\/de\/wp-json\/wp\/v2\/pages\/6390\/revisions\/10729"}],"up":[{"embeddable":true,"href":"https:\/\/italksprachschule.ch\/de\/wp-json\/wp\/v2\/pages\/6360"}],"wp:attachment":[{"href":"https:\/\/italksprachschule.ch\/de\/wp-json\/wp\/v2\/media?parent=6390"}],"curies":[{"name":"wp","href":"https:\/\/api.w.org\/{rel}","templated":true}]}}