{"id":6394,"date":"2023-11-07T20:10:05","date_gmt":"2023-11-07T18:10:05","guid":{"rendered":"https:\/\/italksprachschule.ch\/?page_id=6394"},"modified":"2025-09-05T18:02:29","modified_gmt":"2025-09-05T16:02:29","slug":"lesen-b2-c1","status":"publish","type":"page","link":"https:\/\/italksprachschule.ch\/de\/ubungen\/lesen-b2-c1\/","title":{"rendered":"Lesen B2\/C1"},"content":{"rendered":"\t\t<div data-elementor-type=\"wp-page\" data-elementor-id=\"6394\" class=\"elementor elementor-6394 elementor-1640\" data-elementor-post-type=\"page\">\n\t\t\t\t\t\t<section class=\"elementor-section elementor-top-section elementor-element elementor-element-6591fd5 elementor-reverse-mobile elementor-section-boxed elementor-section-height-default elementor-section-height-default\" data-id=\"6591fd5\" data-element_type=\"section\" data-e-type=\"section\">\n\t\t\t\t\t\t<div class=\"elementor-container elementor-column-gap-wider\">\n\t\t\t\t\t<div class=\"elementor-column elementor-col-50 elementor-top-column elementor-element elementor-element-ba662c3\" data-id=\"ba662c3\" data-element_type=\"column\" data-e-type=\"column\">\n\t\t\t<div class=\"elementor-widget-wrap elementor-element-populated\">\n\t\t\t\t\t\t<div class=\"elementor-element elementor-element-aa1ee1d elementor-widget elementor-widget-image\" data-id=\"aa1ee1d\" data-element_type=\"widget\" data-e-type=\"widget\" data-widget_type=\"image.default\">\n\t\t\t\t<div class=\"elementor-widget-container\">\n\t\t\t\t\t\t\t\t\t\t\t\t\t\t\t<img fetchpriority=\"high\" decoding=\"async\" width=\"800\" height=\"819\" src=\"https:\/\/italksprachschule.ch\/wp-content\/uploads\/2019\/07\/lesen-1000x1024.jpg\" class=\"attachment-large size-large wp-image-2321\" alt=\"\" srcset=\"https:\/\/italksprachschule.ch\/wp-content\/uploads\/2019\/07\/lesen-1000x1024.jpg 1000w, https:\/\/italksprachschule.ch\/wp-content\/uploads\/2019\/07\/lesen-460x471.jpg 460w, https:\/\/italksprachschule.ch\/wp-content\/uploads\/2019\/07\/lesen-768x786.jpg 768w, https:\/\/italksprachschule.ch\/wp-content\/uploads\/2019\/07\/lesen-117x120.jpg 117w, https:\/\/italksprachschule.ch\/wp-content\/uploads\/2019\/07\/lesen-310x317.jpg 310w\" sizes=\"(max-width: 800px) 100vw, 800px\" \/>\t\t\t\t\t\t\t\t\t\t\t\t\t\t\t<\/div>\n\t\t\t\t<\/div>\n\t\t\t\t\t<\/div>\n\t\t<\/div>\n\t\t\t\t<div class=\"elementor-column elementor-col-50 elementor-top-column elementor-element elementor-element-cf22148\" data-id=\"cf22148\" data-element_type=\"column\" data-e-type=\"column\">\n\t\t\t<div class=\"elementor-widget-wrap elementor-element-populated\">\n\t\t\t\t\t\t<div class=\"elementor-element elementor-element-15b26a5 elementor-widget elementor-widget-text-editor\" data-id=\"15b26a5\" data-element_type=\"widget\" data-e-type=\"widget\" data-widget_type=\"text-editor.default\">\n\t\t\t\t<div class=\"elementor-widget-container\">\n\t\t\t\t\t\t\t\t\t<p>Hier findest du Materialien zum Lesen. Ein Lernender mit einem Niveau von B2 hat einen Wortschatz von 4000 W\u00f6rtern und ein Lernender mit einem Niveau von C1 einen Wortschatz von ungef\u00e4hr 8000 W\u00f6rtern.<\/p>\n<p><\/p>\n<p>&nbsp;<\/p>\n<p><\/p>\n<div class=\"pdflinks\">\n<p><a href=\"https:\/\/italksprachschule.ch\/wp-content\/uploads\/2019\/06\/Ehrenamt.pdf\">Ehrenamt<\/a><\/p>\n<p><a href=\"https:\/\/italksprachschule.ch\/wp-content\/uploads\/2019\/06\/Erk\u00e4ltungszeit.pdf\">Erk\u00e4ltungszeit<\/a><\/p>\n<p><a href=\"https:\/\/italksprachschule.ch\/wp-content\/uploads\/2019\/06\/Europas-Erbe.pdf\">Europas Erbe<\/a><\/p>\n<p><a href=\"https:\/\/italksprachschule.ch\/wp-content\/uploads\/2019\/06\/Geniessen-international.pdf\">Geniessen international<\/a><\/p>\n<p><a href=\"https:\/\/italksprachschule.ch\/wp-content\/uploads\/2019\/06\/Lebensmittel.pdf\">Lebensmittel<\/a><\/p>\n<p><a href=\"https:\/\/italksprachschule.ch\/wp-content\/uploads\/2019\/06\/Lesende-H\u00e4nde.pdf\">Lesende H\u00e4nde<\/a><\/p>\n<p><a href=\"https:\/\/italksprachschule.ch\/wp-content\/uploads\/2019\/06\/Linksh\u00e4nder.pdf\">Linksh\u00e4nder<\/a><\/p>\n<p><a href=\"https:\/\/italksprachschule.ch\/wp-content\/uploads\/2019\/06\/Wintersport.pdf\">Wintersport<\/a><\/p>\n<\/div>\n\t\t\t\t\t\t\t\t<\/div>\n\t\t\t\t<\/div>\n\t\t\t\t\t<\/div>\n\t\t<\/div>\n\t\t\t\t\t<\/div>\n\t\t<\/section>\n\t\t\t\t<\/div>\n\t\t","protected":false},"excerpt":{"rendered":"","protected":false},"author":6,"featured_media":0,"parent":6360,"menu_order":0,"comment_status":"closed","ping_status":"closed","template":"","meta":{"footnotes":""},"class_list":["post-6394","page","type-page","status-publish","hentry"],"_links":{"self":[{"href":"https:\/\/italksprachschule.ch\/de\/wp-json\/wp\/v2\/pages\/6394","targetHints":{"allow":["GET"]}}],"collection":[{"href":"https:\/\/italksprachschule.ch\/de\/wp-json\/wp\/v2\/pages"}],"about":[{"href":"https:\/\/italksprachschule.ch\/de\/wp-json\/wp\/v2\/types\/page"}],"author":[{"embeddable":true,"href":"https:\/\/italksprachschule.ch\/de\/wp-json\/wp\/v2\/users\/6"}],"replies":[{"embeddable":true,"href":"https:\/\/italksprachschule.ch\/de\/wp-json\/wp\/v2\/comments?post=6394"}],"version-history":[{"count":8,"href":"https:\/\/italksprachschule.ch\/de\/wp-json\/wp\/v2\/pages\/6394\/revisions"}],"predecessor-version":[{"id":10745,"href":"https:\/\/italksprachschule.ch\/de\/wp-json\/wp\/v2\/pages\/6394\/revisions\/10745"}],"up":[{"embeddable":true,"href":"https:\/\/italksprachschule.ch\/de\/wp-json\/wp\/v2\/pages\/6360"}],"wp:attachment":[{"href":"https:\/\/italksprachschule.ch\/de\/wp-json\/wp\/v2\/media?parent=6394"}],"curies":[{"name":"wp","href":"https:\/\/api.w.org\/{rel}","templated":true}]}}