{"id":6398,"date":"2023-11-07T20:23:40","date_gmt":"2023-11-07T18:23:40","guid":{"rendered":"https:\/\/italksprachschule.ch\/?page_id=6398"},"modified":"2025-09-05T18:11:03","modified_gmt":"2025-09-05T16:11:03","slug":"hoeren-a1-a2","status":"publish","type":"page","link":"https:\/\/italksprachschule.ch\/de\/ubungen\/hoeren-a1-a2\/","title":{"rendered":"H\u00f6ren A1-A2"},"content":{"rendered":"\t\t<div data-elementor-type=\"wp-page\" data-elementor-id=\"6398\" class=\"elementor elementor-6398 elementor-1589\" data-elementor-post-type=\"page\">\n\t\t\t\t\t\t<section class=\"elementor-section elementor-top-section elementor-element elementor-element-c231da6 elementor-reverse-mobile elementor-section-boxed elementor-section-height-default elementor-section-height-default\" data-id=\"c231da6\" data-element_type=\"section\" data-e-type=\"section\">\n\t\t\t\t\t\t<div class=\"elementor-container elementor-column-gap-wider\">\n\t\t\t\t\t<div class=\"elementor-column elementor-col-50 elementor-top-column elementor-element elementor-element-5531113\" data-id=\"5531113\" data-element_type=\"column\" data-e-type=\"column\">\n\t\t\t<div class=\"elementor-widget-wrap elementor-element-populated\">\n\t\t\t\t\t\t<div class=\"elementor-element elementor-element-d0753e3 elementor-widget elementor-widget-image\" data-id=\"d0753e3\" data-element_type=\"widget\" data-e-type=\"widget\" data-widget_type=\"image.default\">\n\t\t\t\t<div class=\"elementor-widget-container\">\n\t\t\t\t\t\t\t\t\t\t\t\t\t\t\t<img fetchpriority=\"high\" decoding=\"async\" width=\"800\" height=\"920\" src=\"https:\/\/italksprachschule.ch\/wp-content\/uploads\/2019\/07\/listening1-890x1024.jpg\" class=\"attachment-large size-large wp-image-2314\" alt=\"\" srcset=\"https:\/\/italksprachschule.ch\/wp-content\/uploads\/2019\/07\/listening1-890x1024.jpg 890w, https:\/\/italksprachschule.ch\/wp-content\/uploads\/2019\/07\/listening1-460x529.jpg 460w, https:\/\/italksprachschule.ch\/wp-content\/uploads\/2019\/07\/listening1-768x884.jpg 768w, https:\/\/italksprachschule.ch\/wp-content\/uploads\/2019\/07\/listening1-104x120.jpg 104w, https:\/\/italksprachschule.ch\/wp-content\/uploads\/2019\/07\/listening1-310x357.jpg 310w\" sizes=\"(max-width: 800px) 100vw, 800px\" \/>\t\t\t\t\t\t\t\t\t\t\t\t\t\t\t<\/div>\n\t\t\t\t<\/div>\n\t\t\t\t\t<\/div>\n\t\t<\/div>\n\t\t\t\t<div class=\"elementor-column elementor-col-50 elementor-top-column elementor-element elementor-element-1e16765\" data-id=\"1e16765\" data-element_type=\"column\" data-e-type=\"column\">\n\t\t\t<div class=\"elementor-widget-wrap elementor-element-populated\">\n\t\t\t\t\t\t<div class=\"elementor-element elementor-element-673c151 elementor-widget elementor-widget-text-editor\" data-id=\"673c151\" data-element_type=\"widget\" data-e-type=\"widget\" data-widget_type=\"text-editor.default\">\n\t\t\t\t<div class=\"elementor-widget-container\">\n\t\t\t\t\t\t\t\t\t<div class=\"pdflinks\">\n<p>Du m\u00f6chtest dein H\u00f6rverst\u00e4ndnis verbessern? Hier sind Materialien, die dir garantiert helfen:<\/p>\n<p>Grundstufe (A1-A2)<\/p>\n<p><strong>Nikos Weg:<\/strong><\/p>\n<p><a href=\"https:\/\/learngerman.dw.com\/en\/beginners\/c-36519789\" target=\"_blank\" rel=\"noopener\">https:\/\/learngerman.dw.com\/en\/beginners\/c-36519789<\/a><\/p>\n<p>Inhalt:<\/p>\n<p>Leute treffen<br \/>\nZahlen von 1 bis 100<br \/>\nAdressen<br \/>\nIns Restaurant gehen<br \/>\nReisen<br \/>\nWas ist das?<br \/>\nIch wohne in\u2026<br \/>\nTageszeiten<br \/>\nWie sp\u00e4t ist es?<br \/>\nMein Beruf ist\u2026<br \/>\nWo ist der Bahnhof?<br \/>\nLebensmittel<br \/>\nMengen und Preise<br \/>\nUrlaub und Wetter<br \/>\nKleidung<br \/>\nFamilie<br \/>\nSportarten<br \/>\nGesundheit<br \/>\nMeine Heimat<\/p>\n<p>&nbsp;<\/p>\n<p><strong>Mein Weg nach Deutschland:<\/strong><\/p>\n<p>Nevin m\u00f6chte mit dem Bus zur Agentur f\u00fcr Arbeit fahren. Sie muss zuerst einen Fahrschein kaufen.<\/p>\n<p>&nbsp;<\/p>\n<p><iframe id=\"_ytid_45533\" width=\"800\" height=\"450\" data-origwidth=\"800\" data-origheight=\"450\" src=\"https:\/\/www.youtube.com\/embed\/PMj9kUPrnBk?enablejsapi=1&amp;autoplay=0&amp;cc_load_policy=0&amp;cc_lang_pref=&amp;iv_load_policy=1&amp;loop=0&amp;rel=0&amp;fs=1&amp;playsinline=0&amp;autohide=2&amp;theme=dark&amp;color=red&amp;controls=1&amp;\" class=\"__youtube_prefs__  epyt-is-override  no-lazyload\" data-vol=\"50\" title=\"Mein Weg nach Deutschland - 1. Im Bus\" allow=\"fullscreen; accelerometer; autoplay; clipboard-write; encrypted-media; gyroscope; picture-in-picture\" allowfullscreen=\"\" data-no-lazy=\"1\" data-skipgform_ajax_framebjll=\"\" data-gtm-yt-inspected-10=\"true\" data-dashlane-frameid=\"88046829640\"><\/iframe><\/p>\n<p>&nbsp;<\/p>\n<h3>Langsam gesprochene Nachrichten:<\/h3>\n<p><a href=\"https:\/\/www.nachrichtenleicht.de\" target=\"_blank\" rel=\"noopener noreferrer\">https:\/\/www.nachrichtenleicht.de<\/a><\/p>\n<\/div>\n\t\t\t\t\t\t\t\t<\/div>\n\t\t\t\t<\/div>\n\t\t\t\t\t<\/div>\n\t\t<\/div>\n\t\t\t\t\t<\/div>\n\t\t<\/section>\n\t\t\t\t<\/div>\n\t\t","protected":false},"excerpt":{"rendered":"<p>Du m\u00f6chtest dein H\u00f6rverst\u00e4ndnis verbessern? Hier sind Materialien, die dir garantiert helfen: Grundstufe (A1-A2) Nikos Weg: https:\/\/learngerman.dw.com\/en\/beginners\/c-36519789 Inhalt: Leute treffen Zahlen von 1 bis 100 Adressen Ins Restaurant gehen Reisen Was ist das? Ich wohne in\u2026 Tageszeiten Wie sp\u00e4t ist es? Mein Beruf ist\u2026 Wo ist der Bahnhof? Lebensmittel Mengen und Preise Urlaub und Wetter [&hellip;]<\/p>\n","protected":false},"author":6,"featured_media":0,"parent":6360,"menu_order":0,"comment_status":"closed","ping_status":"closed","template":"","meta":{"footnotes":""},"class_list":["post-6398","page","type-page","status-publish","hentry"],"_links":{"self":[{"href":"https:\/\/italksprachschule.ch\/de\/wp-json\/wp\/v2\/pages\/6398","targetHints":{"allow":["GET"]}}],"collection":[{"href":"https:\/\/italksprachschule.ch\/de\/wp-json\/wp\/v2\/pages"}],"about":[{"href":"https:\/\/italksprachschule.ch\/de\/wp-json\/wp\/v2\/types\/page"}],"author":[{"embeddable":true,"href":"https:\/\/italksprachschule.ch\/de\/wp-json\/wp\/v2\/users\/6"}],"replies":[{"embeddable":true,"href":"https:\/\/italksprachschule.ch\/de\/wp-json\/wp\/v2\/comments?post=6398"}],"version-history":[{"count":9,"href":"https:\/\/italksprachschule.ch\/de\/wp-json\/wp\/v2\/pages\/6398\/revisions"}],"predecessor-version":[{"id":10753,"href":"https:\/\/italksprachschule.ch\/de\/wp-json\/wp\/v2\/pages\/6398\/revisions\/10753"}],"up":[{"embeddable":true,"href":"https:\/\/italksprachschule.ch\/de\/wp-json\/wp\/v2\/pages\/6360"}],"wp:attachment":[{"href":"https:\/\/italksprachschule.ch\/de\/wp-json\/wp\/v2\/media?parent=6398"}],"curies":[{"name":"wp","href":"https:\/\/api.w.org\/{rel}","templated":true}]}}