{"id":6409,"date":"2023-11-07T20:40:32","date_gmt":"2023-11-07T18:40:32","guid":{"rendered":"https:\/\/italksprachschule.ch\/?page_id=6409"},"modified":"2025-09-05T18:25:54","modified_gmt":"2025-09-05T16:25:54","slug":"hoeren-b2-c1","status":"publish","type":"page","link":"https:\/\/italksprachschule.ch\/de\/ubungen\/hoeren-b2-c1\/","title":{"rendered":"H\u00f6ren B2-C1"},"content":{"rendered":"\t\t<div data-elementor-type=\"wp-page\" data-elementor-id=\"6409\" class=\"elementor elementor-6409 elementor-1613\" data-elementor-post-type=\"page\">\n\t\t\t\t\t\t<section class=\"elementor-section elementor-top-section elementor-element elementor-element-c04953d elementor-reverse-mobile elementor-section-boxed elementor-section-height-default elementor-section-height-default\" data-id=\"c04953d\" data-element_type=\"section\" data-e-type=\"section\">\n\t\t\t\t\t\t<div class=\"elementor-container elementor-column-gap-wider\">\n\t\t\t\t\t<div class=\"elementor-column elementor-col-50 elementor-top-column elementor-element elementor-element-ef9b395\" data-id=\"ef9b395\" data-element_type=\"column\" data-e-type=\"column\">\n\t\t\t<div class=\"elementor-widget-wrap elementor-element-populated\">\n\t\t\t\t\t\t<div class=\"elementor-element elementor-element-62950e4 elementor-widget elementor-widget-image\" data-id=\"62950e4\" data-element_type=\"widget\" data-e-type=\"widget\" data-widget_type=\"image.default\">\n\t\t\t\t<div class=\"elementor-widget-container\">\n\t\t\t\t\t\t\t\t\t\t\t\t\t\t\t<img fetchpriority=\"high\" decoding=\"async\" width=\"800\" height=\"920\" src=\"https:\/\/italksprachschule.ch\/wp-content\/uploads\/2019\/07\/listening1-890x1024.jpg\" class=\"attachment-large size-large wp-image-2314\" alt=\"\" srcset=\"https:\/\/italksprachschule.ch\/wp-content\/uploads\/2019\/07\/listening1-890x1024.jpg 890w, https:\/\/italksprachschule.ch\/wp-content\/uploads\/2019\/07\/listening1-460x529.jpg 460w, https:\/\/italksprachschule.ch\/wp-content\/uploads\/2019\/07\/listening1-768x884.jpg 768w, https:\/\/italksprachschule.ch\/wp-content\/uploads\/2019\/07\/listening1-104x120.jpg 104w, https:\/\/italksprachschule.ch\/wp-content\/uploads\/2019\/07\/listening1-310x357.jpg 310w\" sizes=\"(max-width: 800px) 100vw, 800px\" \/>\t\t\t\t\t\t\t\t\t\t\t\t\t\t\t<\/div>\n\t\t\t\t<\/div>\n\t\t\t\t\t<\/div>\n\t\t<\/div>\n\t\t\t\t<div class=\"elementor-column elementor-col-50 elementor-top-column elementor-element elementor-element-039c0ae\" data-id=\"039c0ae\" data-element_type=\"column\" data-e-type=\"column\">\n\t\t\t<div class=\"elementor-widget-wrap elementor-element-populated\">\n\t\t\t\t\t\t<div class=\"elementor-element elementor-element-7cb1f13 elementor-widget elementor-widget-text-editor\" data-id=\"7cb1f13\" data-element_type=\"widget\" data-e-type=\"widget\" data-widget_type=\"text-editor.default\">\n\t\t\t\t<div class=\"elementor-widget-container\">\n\t\t\t\t\t\t\t\t\t<div class=\"pdflinks\">\n<p><a href=\"https:\/\/www.srf.ch\/podcasts\" target=\"_blank\" rel=\"noopener\">https:\/\/www.srf.ch\/podcasts<\/a><\/p>\n<p>Die SRF-Radiokorrespondenten berichten aus ihren Regionen \u00fcber Geschichten abseits der Schlagzeilen.<\/p>\n<p>F\u00fcr alle, die die News schon kennen.<\/p>\n<p>&nbsp;<\/p>\n<p><a href=\"https:\/\/www.srf.ch\/sendungen\/52-beste-buecher\" target=\"_blank\" rel=\"noopener noreferrer\">52 beste B\u00fccher<\/a> \u2013 Grosse Literatur im Gespr\u00e4ch.<\/p>\n<p><a href=\"https:\/\/www.srf.ch\/sendungen\/100-sekunden-wissen\" target=\"_blank\" rel=\"noopener noreferrer\">100 Sekunden Wissen<\/a> \u2013 Ein Name, ein Begriff: das H\u00f6rlexikon von Radio SRF 2 Kultur.<\/p>\n<p><a href=\"https:\/\/www.srf.ch\/sendungen\/ampere\" target=\"_blank\" rel=\"noopener noreferrer\">Amp\u00e8re<\/a> \u2013 Der w\u00f6chentliche Stromstoss aus der Welt der Electronica. Ungeh\u00f6rtes, Klassiker und Kuriosit\u00e4ten handgepfl\u00fcckt und jeden Freitag frisch ins Ohr.<\/p>\n<p><a href=\"https:\/\/www.srf.ch\/sendungen\/a-point\" target=\"_blank\" rel=\"noopener noreferrer\">A point<\/a> \u2013 In der Sendung \u00ab\u00c0 point \u2013 Wissen aus der K\u00fcche auf den Punkt gebracht\u00bb h\u00f6ren Sie viel Wissenswertes rund um die K\u00fcche und das Kochen.<\/p>\n<p><a href=\"https:\/\/www.srf.ch\/play\/tv\/sendung\/auf-und-davon?id=c3f6b6b4-0770-0001-42bf-1f101bb44800\" target=\"_blank\" rel=\"noopener noreferrer\">Auf und davon<\/a> \u2013 Wiedersehen mit den Schweizer Auswanderern, die ihre Heimat vor einem Jahr verliessen und ihr Gl\u00fcck in der Ferne suchten.<\/p>\n<p><a href=\"https:\/\/www.srf.ch\/play\/tv\/sendung\/club?id=0f532a74-d501-4470-be25-527a4fbb82fa\" target=\"_blank\" rel=\"noopener noreferrer\">Club<\/a> \u2013 Alles, was Menschen bewegt, wird hier diskutiert. Die Moderatoren und die Diskussionsg\u00e4ste mit ihren authentischen Geschichten und ihrem Fachwissen pr\u00e4gen die Sendung.<\/p>\n<p><a href=\"https:\/\/www.srf.ch\/play\/tv\/sendung\/das-tribunal?id=20683048-6472-4e89-ac84-462ac6bc6f89\" target=\"_blank\" rel=\"noopener noreferrer\">Das Tribunal<\/a> \u2013 \u00abDas Tribunal\u00bb beleuchtet Gerichtsf\u00e4lle, die sich in der Grauzone unseres geltenden Rechts befinden.<\/p>\n<p><a href=\"https:\/\/www.srf.ch\/sendungen\/digital-plus\" target=\"_blank\" rel=\"noopener noreferrer\">Digital Podcast<\/a> \u2013 Der Technologie-Podcast von SRF \u00fcber Internet, Smartphones, soziale Netzwerke, Computersicherheit und Games.<\/p>\n<p>&nbsp;<\/p>\n<p>H\u00f6rb\u00fccher zum Herunterladen oder Direkth\u00f6ren:<\/p>\n<p><a href=\"https:\/\/www.vorleser.net\" target=\"_blank\" rel=\"noopener noreferrer\">https:\/\/www.vorleser.net<\/a><\/p>\n<\/div>\n<p><\/p>\n\t\t\t\t\t\t\t\t<\/div>\n\t\t\t\t<\/div>\n\t\t\t\t\t<\/div>\n\t\t<\/div>\n\t\t\t\t\t<\/div>\n\t\t<\/section>\n\t\t\t\t<\/div>\n\t\t","protected":false},"excerpt":{"rendered":"<p>https:\/\/www.srf.ch\/podcasts Die SRF-Radiokorrespondenten berichten aus ihren Regionen \u00fcber Geschichten abseits der Schlagzeilen. F\u00fcr alle, die die News schon kennen. &nbsp; 52 beste B\u00fccher \u2013 Grosse Literatur im Gespr\u00e4ch. 100 Sekunden Wissen \u2013 Ein Name, ein Begriff: das H\u00f6rlexikon von Radio SRF 2 Kultur. Amp\u00e8re \u2013 Der w\u00f6chentliche Stromstoss aus der Welt der Electronica. Ungeh\u00f6rtes, Klassiker [&hellip;]<\/p>\n","protected":false},"author":6,"featured_media":0,"parent":6360,"menu_order":0,"comment_status":"closed","ping_status":"closed","template":"","meta":{"footnotes":""},"class_list":["post-6409","page","type-page","status-publish","hentry"],"_links":{"self":[{"href":"https:\/\/italksprachschule.ch\/de\/wp-json\/wp\/v2\/pages\/6409","targetHints":{"allow":["GET"]}}],"collection":[{"href":"https:\/\/italksprachschule.ch\/de\/wp-json\/wp\/v2\/pages"}],"about":[{"href":"https:\/\/italksprachschule.ch\/de\/wp-json\/wp\/v2\/types\/page"}],"author":[{"embeddable":true,"href":"https:\/\/italksprachschule.ch\/de\/wp-json\/wp\/v2\/users\/6"}],"replies":[{"embeddable":true,"href":"https:\/\/italksprachschule.ch\/de\/wp-json\/wp\/v2\/comments?post=6409"}],"version-history":[{"count":9,"href":"https:\/\/italksprachschule.ch\/de\/wp-json\/wp\/v2\/pages\/6409\/revisions"}],"predecessor-version":[{"id":10764,"href":"https:\/\/italksprachschule.ch\/de\/wp-json\/wp\/v2\/pages\/6409\/revisions\/10764"}],"up":[{"embeddable":true,"href":"https:\/\/italksprachschule.ch\/de\/wp-json\/wp\/v2\/pages\/6360"}],"wp:attachment":[{"href":"https:\/\/italksprachschule.ch\/de\/wp-json\/wp\/v2\/media?parent=6409"}],"curies":[{"name":"wp","href":"https:\/\/api.w.org\/{rel}","templated":true}]}}