{"id":7423,"date":"2024-06-24T20:26:38","date_gmt":"2024-06-24T18:26:38","guid":{"rendered":"https:\/\/italksprachschule.ch\/geld-zurueck-garantie-versprechen\/"},"modified":"2024-06-26T17:23:27","modified_gmt":"2024-06-26T15:23:27","slug":"geld-zurueck-garantie-versprechen","status":"publish","type":"page","link":"https:\/\/italksprachschule.ch\/de\/geld-zurueck-garantie-versprechen\/","title":{"rendered":"Geld-zur\u00fcck-Garantie-Versprechen"},"content":{"rendered":"\t\t<div data-elementor-type=\"wp-page\" data-elementor-id=\"7423\" class=\"elementor elementor-7423 elementor-7145\" data-elementor-post-type=\"page\">\n\t\t\t\t\t\t<section class=\"elementor-section elementor-top-section elementor-element elementor-element-5f48951 elementor-section-height-min-height elementor-section-items-top elementor-section-boxed elementor-section-height-default\" data-id=\"5f48951\" data-element_type=\"section\" data-e-type=\"section\" data-settings=\"{&quot;background_background&quot;:&quot;classic&quot;}\">\n\t\t\t\t\t\t<div class=\"elementor-container elementor-column-gap-default\">\n\t\t\t\t\t<div class=\"elementor-column elementor-col-100 elementor-top-column elementor-element elementor-element-f88fe30\" data-id=\"f88fe30\" data-element_type=\"column\" data-e-type=\"column\" data-settings=\"{&quot;background_background&quot;:&quot;classic&quot;}\">\n\t\t\t<div class=\"elementor-widget-wrap elementor-element-populated\">\n\t\t\t\t\t\t<div class=\"elementor-element elementor-element-152cc7a elementor-widget elementor-widget-heading\" data-id=\"152cc7a\" data-element_type=\"widget\" data-e-type=\"widget\" data-widget_type=\"heading.default\">\n\t\t\t\t<div class=\"elementor-widget-container\">\n\t\t\t\t\t<h1 class=\"elementor-heading-title elementor-size-default\"> Geld-zur\u00fcck-Garantie-Versprechen<\/h1>\t\t\t\t<\/div>\n\t\t\t\t<\/div>\n\t\t\t\t\t<\/div>\n\t\t<\/div>\n\t\t\t\t\t<\/div>\n\t\t<\/section>\n\t\t\t\t<section class=\"elementor-section elementor-top-section elementor-element elementor-element-57f026f elementor-section-boxed elementor-section-height-default elementor-section-height-default\" data-id=\"57f026f\" data-element_type=\"section\" data-e-type=\"section\" data-settings=\"{&quot;background_background&quot;:&quot;classic&quot;}\">\n\t\t\t\t\t\t<div class=\"elementor-container elementor-column-gap-wide\">\n\t\t\t\t\t<div class=\"elementor-column elementor-col-100 elementor-top-column elementor-element elementor-element-b7b2756\" data-id=\"b7b2756\" data-element_type=\"column\" data-e-type=\"column\">\n\t\t\t<div class=\"elementor-widget-wrap elementor-element-populated\">\n\t\t\t\t\t\t<div class=\"elementor-element elementor-element-682d2d4 elementor-widget elementor-widget-text-editor\" data-id=\"682d2d4\" data-element_type=\"widget\" data-e-type=\"widget\" data-widget_type=\"text-editor.default\">\n\t\t\t\t<div class=\"elementor-widget-container\">\n\t\t\t\t\t\t\t\t\t<p><strong>Seit 2017 bereiten wir Teilnehmende auf die Pr\u00fcfungen vor. Wir garantieren Ihnen, dass Sie Ihre Pr\u00fcfung bestehen, sofern Sie an allen Lektionen teilnehmen, die wir mit Ihnen im Voraus vereinbart haben, alle Hausaufgaben erledigen und die Pr\u00fcfung am vereinbarten Tag in unserer Schule ablegen.<\/p>\n<p>Sollten Sie trotzdem nicht bestehen, erstatten wir Ihnen die Kursgeb\u00fchr zur\u00fcck.<\/strong><\/p>\n\t\t\t\t\t\t\t\t<\/div>\n\t\t\t\t<\/div>\n\t\t\t\t\t<\/div>\n\t\t<\/div>\n\t\t\t\t\t<\/div>\n\t\t<\/section>\n\t\t\t\t<\/div>\n\t\t","protected":false},"excerpt":{"rendered":"<p>Geld-zur\u00fcck-Garantie-Versprechen Seit 2017 bereiten wir Teilnehmende auf die Pr\u00fcfungen vor. Wir garantieren Ihnen, dass Sie Ihre Pr\u00fcfung bestehen, sofern Sie an allen Lektionen teilnehmen, die wir mit Ihnen im Voraus vereinbart haben, alle Hausaufgaben erledigen und die Pr\u00fcfung am vereinbarten Tag in unserer Schule ablegen. Sollten Sie trotzdem nicht bestehen, erstatten wir Ihnen die Kursgeb\u00fchr [&hellip;]<\/p>\n","protected":false},"author":6,"featured_media":0,"parent":0,"menu_order":0,"comment_status":"closed","ping_status":"closed","template":"elementor_header_footer","meta":{"footnotes":""},"class_list":["post-7423","page","type-page","status-publish","hentry"],"_links":{"self":[{"href":"https:\/\/italksprachschule.ch\/de\/wp-json\/wp\/v2\/pages\/7423","targetHints":{"allow":["GET"]}}],"collection":[{"href":"https:\/\/italksprachschule.ch\/de\/wp-json\/wp\/v2\/pages"}],"about":[{"href":"https:\/\/italksprachschule.ch\/de\/wp-json\/wp\/v2\/types\/page"}],"author":[{"embeddable":true,"href":"https:\/\/italksprachschule.ch\/de\/wp-json\/wp\/v2\/users\/6"}],"replies":[{"embeddable":true,"href":"https:\/\/italksprachschule.ch\/de\/wp-json\/wp\/v2\/comments?post=7423"}],"version-history":[{"count":1,"href":"https:\/\/italksprachschule.ch\/de\/wp-json\/wp\/v2\/pages\/7423\/revisions"}],"predecessor-version":[{"id":7425,"href":"https:\/\/italksprachschule.ch\/de\/wp-json\/wp\/v2\/pages\/7423\/revisions\/7425"}],"wp:attachment":[{"href":"https:\/\/italksprachschule.ch\/de\/wp-json\/wp\/v2\/media?parent=7423"}],"curies":[{"name":"wp","href":"https:\/\/api.w.org\/{rel}","templated":true}]}}