{"id":7481,"date":"2024-06-25T17:46:42","date_gmt":"2024-06-25T15:46:42","guid":{"rendered":"https:\/\/italksprachschule.ch\/telc-deutsch-b2-c1-modelltest\/"},"modified":"2026-02-03T18:01:16","modified_gmt":"2026-02-03T16:01:16","slug":"telc-deutsch-b2-c1-modelltest","status":"publish","type":"page","link":"https:\/\/italksprachschule.ch\/de\/telc-deutsch-b2-c1-modelltest\/","title":{"rendered":"telc B2-C1 Medizin Modelltest: Jetzt selbst testen"},"content":{"rendered":"\t\t<div data-elementor-type=\"wp-page\" data-elementor-id=\"7481\" class=\"elementor elementor-7481 elementor-7308\" data-elementor-post-type=\"page\">\n\t\t\t\t\t\t<section class=\"elementor-section elementor-top-section elementor-element elementor-element-b839d90 elementor-section-height-min-height elementor-section-items-top elementor-section-boxed elementor-section-height-default\" data-id=\"b839d90\" data-element_type=\"section\" data-e-type=\"section\" data-settings=\"{&quot;background_background&quot;:&quot;classic&quot;}\">\n\t\t\t\t\t\t<div class=\"elementor-container elementor-column-gap-default\">\n\t\t\t\t\t<div class=\"elementor-column elementor-col-100 elementor-top-column elementor-element elementor-element-d93b46d\" data-id=\"d93b46d\" data-element_type=\"column\" data-e-type=\"column\" data-settings=\"{&quot;background_background&quot;:&quot;classic&quot;}\">\n\t\t\t<div class=\"elementor-widget-wrap elementor-element-populated\">\n\t\t\t\t\t\t<div class=\"elementor-element elementor-element-aa0c881 elementor-widget elementor-widget-heading\" data-id=\"aa0c881\" data-element_type=\"widget\" data-e-type=\"widget\" data-widget_type=\"heading.default\">\n\t\t\t\t<div class=\"elementor-widget-container\">\n\t\t\t\t\t<h1 class=\"elementor-heading-title elementor-size-default\">telc B2-C1 Medizin Modelltest: Jetzt selbst testen<\/h1>\t\t\t\t<\/div>\n\t\t\t\t<\/div>\n\t\t\t\t\t<\/div>\n\t\t<\/div>\n\t\t\t\t\t<\/div>\n\t\t<\/section>\n\t\t\t\t<section class=\"elementor-section elementor-top-section elementor-element elementor-element-7760b64 elementor-section-full_width elementor-section-height-default elementor-section-height-default\" data-id=\"7760b64\" data-element_type=\"section\" data-e-type=\"section\" data-settings=\"{&quot;background_background&quot;:&quot;classic&quot;}\">\n\t\t\t\t\t\t<div class=\"elementor-container elementor-column-gap-no\">\n\t\t\t\t\t<div class=\"elementor-column elementor-col-100 elementor-top-column elementor-element elementor-element-afd888f\" data-id=\"afd888f\" data-element_type=\"column\" data-e-type=\"column\">\n\t\t\t<div class=\"elementor-widget-wrap elementor-element-populated\">\n\t\t\t\t\t\t<div class=\"elementor-element elementor-element-0e7377a elementor-nav-menu__align-center elementor-nav-menu--dropdown-tablet elementor-nav-menu__text-align-aside elementor-nav-menu--toggle elementor-nav-menu--burger elementor-widget elementor-widget-nav-menu\" data-id=\"0e7377a\" data-element_type=\"widget\" data-e-type=\"widget\" data-settings=\"{&quot;layout&quot;:&quot;horizontal&quot;,&quot;submenu_icon&quot;:{&quot;value&quot;:&quot;&lt;i class=\\&quot;fas fa-caret-down\\&quot; aria-hidden=\\&quot;true\\&quot;&gt;&lt;\\\/i&gt;&quot;,&quot;library&quot;:&quot;fa-solid&quot;},&quot;toggle&quot;:&quot;burger&quot;}\" data-widget_type=\"nav-menu.default\">\n\t\t\t\t<div class=\"elementor-widget-container\">\n\t\t\t\t\t\t\t\t<nav aria-label=\"Menu\" class=\"elementor-nav-menu--main elementor-nav-menu__container elementor-nav-menu--layout-horizontal e--pointer-underline e--animation-fade\">\n\t\t\t\t<ul id=\"menu-1-0e7377a\" class=\"elementor-nav-menu\"><li class=\"menu-item menu-item-type-post_type menu-item-object-page menu-item-7488\"><a href=\"https:\/\/italksprachschule.ch\/de\/medizin-b2-c1-vorbereitungskurs\/\" class=\"elementor-item\">Vorbereitungskurse<\/a><\/li>\n<li class=\"menu-item menu-item-type-post_type menu-item-object-page menu-item-7489\"><a href=\"https:\/\/italksprachschule.ch\/de\/telc-deutsch-b2-c1-modelltest\/\" class=\"elementor-item\">Modelltest<\/a><\/li>\n<li class=\"menu-item menu-item-type-post_type menu-item-object-page menu-item-7491\"><a href=\"https:\/\/italksprachschule.ch\/de\/medizin-b2-c1\/\" class=\"elementor-item\">Zertifikats\u00fcbersicht<\/a><\/li>\n<li class=\"menu-item menu-item-type-post_type menu-item-object-page menu-item-7490\"><a href=\"https:\/\/italksprachschule.ch\/de\/telc-b2-c1-medizin-vorstellungsgespraech-training\/\" class=\"elementor-item\">Vorbereitung auf Vorstellungsgespr\u00e4ch<\/a><\/li>\n<li class=\"menu-item menu-item-type-post_type menu-item-object-page menu-item-7492\"><a target=\"_blank\" href=\"https:\/\/italksprachschule.ch\/de\/geld-zurueck-garantie-versprechen\/\" class=\"elementor-item\">Geld-zur\u00fcck-Garantie<\/a><\/li>\n<li class=\"menu-item menu-item-type-post_type menu-item-object-page menu-item-7493\"><a target=\"_blank\" href=\"https:\/\/italksprachschule.ch\/de\/telc-fragen-antworten\/\" class=\"elementor-item\">Fragen und Antworten<\/a><\/li>\n<\/ul>\t\t\t<\/nav>\n\t\t\t\t\t<div class=\"elementor-menu-toggle\" role=\"button\" tabindex=\"0\" aria-label=\"Men\u00fc Umschalter\" aria-expanded=\"false\">\n\t\t\t<i aria-hidden=\"true\" role=\"presentation\" class=\"elementor-menu-toggle__icon--open eicon-menu-bar\"><\/i><i aria-hidden=\"true\" role=\"presentation\" class=\"elementor-menu-toggle__icon--close eicon-close\"><\/i>\t\t<\/div>\n\t\t\t\t\t<nav class=\"elementor-nav-menu--dropdown elementor-nav-menu__container\" aria-hidden=\"true\">\n\t\t\t\t<ul id=\"menu-2-0e7377a\" class=\"elementor-nav-menu\"><li class=\"menu-item menu-item-type-post_type menu-item-object-page menu-item-7488\"><a href=\"https:\/\/italksprachschule.ch\/de\/medizin-b2-c1-vorbereitungskurs\/\" class=\"elementor-item\" tabindex=\"-1\">Vorbereitungskurse<\/a><\/li>\n<li class=\"menu-item menu-item-type-post_type menu-item-object-page menu-item-7489\"><a href=\"https:\/\/italksprachschule.ch\/de\/telc-deutsch-b2-c1-modelltest\/\" class=\"elementor-item\" tabindex=\"-1\">Modelltest<\/a><\/li>\n<li class=\"menu-item menu-item-type-post_type menu-item-object-page menu-item-7491\"><a href=\"https:\/\/italksprachschule.ch\/de\/medizin-b2-c1\/\" class=\"elementor-item\" tabindex=\"-1\">Zertifikats\u00fcbersicht<\/a><\/li>\n<li class=\"menu-item menu-item-type-post_type menu-item-object-page menu-item-7490\"><a href=\"https:\/\/italksprachschule.ch\/de\/telc-b2-c1-medizin-vorstellungsgespraech-training\/\" class=\"elementor-item\" tabindex=\"-1\">Vorbereitung auf Vorstellungsgespr\u00e4ch<\/a><\/li>\n<li class=\"menu-item menu-item-type-post_type menu-item-object-page menu-item-7492\"><a target=\"_blank\" href=\"https:\/\/italksprachschule.ch\/de\/geld-zurueck-garantie-versprechen\/\" class=\"elementor-item\" tabindex=\"-1\">Geld-zur\u00fcck-Garantie<\/a><\/li>\n<li class=\"menu-item menu-item-type-post_type menu-item-object-page menu-item-7493\"><a target=\"_blank\" href=\"https:\/\/italksprachschule.ch\/de\/telc-fragen-antworten\/\" class=\"elementor-item\" tabindex=\"-1\">Fragen und Antworten<\/a><\/li>\n<\/ul>\t\t\t<\/nav>\n\t\t\t\t\t\t<\/div>\n\t\t\t\t<\/div>\n\t\t\t\t\t<\/div>\n\t\t<\/div>\n\t\t\t\t\t<\/div>\n\t\t<\/section>\n\t\t\t\t<section class=\"elementor-section elementor-top-section elementor-element elementor-element-57f026f elementor-section-boxed elementor-section-height-default elementor-section-height-default\" data-id=\"57f026f\" data-element_type=\"section\" data-e-type=\"section\" data-settings=\"{&quot;background_background&quot;:&quot;classic&quot;}\">\n\t\t\t\t\t\t<div class=\"elementor-container elementor-column-gap-wide\">\n\t\t\t\t\t<div class=\"elementor-column elementor-col-100 elementor-top-column elementor-element elementor-element-b7b2756\" data-id=\"b7b2756\" data-element_type=\"column\" data-e-type=\"column\">\n\t\t\t<div class=\"elementor-widget-wrap elementor-element-populated\">\n\t\t\t\t\t\t<div class=\"elementor-element elementor-element-d8ce399 elementor-widget elementor-widget-text-editor\" data-id=\"d8ce399\" data-element_type=\"widget\" data-e-type=\"widget\" data-widget_type=\"text-editor.default\">\n\t\t\t\t<div class=\"elementor-widget-container\">\n\t\t\t\t\t\t\t\t\t<p><strong>M\u00f6chten Sie die Pr\u00fcfung telc Deutsch B2-C1 Medizin ablegen?<\/strong><\/p>\n<p>Hier finden Sie Tipps, Tricks, einen Modelltest und weitere Informationen \u00fcber die Pr\u00fcfung und Vorbereitung.<\/p>\n<p><strong>Was ist das Ziel der Pr\u00fcfung?<\/strong><\/p>\n<p>Die Pr\u00fcfung richtet sich an \u00c4rztinnen und \u00c4rzte, die in der Deutschschweiz arbeiten m\u00f6chten und das Niveau B2 Medizin oder C1 Medizin in der m\u00fcndlichen und schriftlichen Kommunikation in einem medizinischen Umfeld erreichen m\u00fcssen. Obwohl die Pr\u00fcfung beide Niveaus abdeckt, erh\u00e4lt man als Gesamtergebnis das Zertifikat B2 Medizin oder C1 Medizin.<\/p>\n<p><strong>Unten finden Sie den telc Deutsch B2-C1 Medizin Modelltest<\/strong>:<\/p>\n\t\t\t\t\t\t\t\t<\/div>\n\t\t\t\t<\/div>\n\t\t\t\t<div class=\"elementor-element elementor-element-4b16d8a elementor-widget elementor-widget-html\" data-id=\"4b16d8a\" data-element_type=\"widget\" data-e-type=\"widget\" data-widget_type=\"html.default\">\n\t\t\t\t<div class=\"elementor-widget-container\">\n\t\t\t\t\t<iframe width=\"640px\" height=\"480px\" src=https:\/\/forms.office.com\/Pages\/ResponsePage.aspx?id=GOTzGGGM6E-wSVCAm3lxQiEuFG3v2phJk5WKdTZpmLtUN1pYVlMyQkpSSDRMNTFCN1hNWlA1QTBMNC4u&embed=true frameborder=\"0\" marginwidth=\"0\" marginheight=\"0\" style=\"border: none; max-width:100%; max-height:100vh\" allowfullscreen webkitallowfullscreen mozallowfullscreen msallowfullscreen> <\/iframe>\t\t\t\t<\/div>\n\t\t\t\t<\/div>\n\t\t\t\t<div class=\"elementor-element elementor-element-1566452 elementor-widget elementor-widget-button\" data-id=\"1566452\" data-element_type=\"widget\" data-e-type=\"widget\" data-widget_type=\"button.default\">\n\t\t\t\t<div class=\"elementor-widget-container\">\n\t\t\t\t\t\t\t\t\t<div class=\"elementor-button-wrapper\">\n\t\t\t\t\t<a class=\"elementor-button elementor-button-link elementor-size-sm\" href=\"https:\/\/italksprachschule.ch\/de\/enrol\/anmeldung-zu-einer-telc-prufung\/\">\n\t\t\t\t\t\t<span class=\"elementor-button-content-wrapper\">\n\t\t\t\t\t\t\t\t\t<span class=\"elementor-button-text\">Anmeldung zur telc Pr\u00fcfung B2-C1 Medizin<\/span>\n\t\t\t\t\t<\/span>\n\t\t\t\t\t<\/a>\n\t\t\t\t<\/div>\n\t\t\t\t\t\t\t\t<\/div>\n\t\t\t\t<\/div>\n\t\t\t\t<div class=\"elementor-element elementor-element-657434a elementor-widget elementor-widget-text-editor\" data-id=\"657434a\" data-element_type=\"widget\" data-e-type=\"widget\" data-widget_type=\"text-editor.default\">\n\t\t\t\t<div class=\"elementor-widget-container\">\n\t\t\t\t\t\t\t\t\t<p><strong>In diesem Video erkl\u00e4ren wir Ihnen, wie Sie den Test bestehen k\u00f6nnen. Ausserdem gibt es hier praktische \u00dcbungen:<\/strong><\/p>\n\t\t\t\t\t\t\t\t<\/div>\n\t\t\t\t<\/div>\n\t\t\t\t<div class=\"elementor-element elementor-element-d043f91 elementor-widget elementor-widget-video\" data-id=\"d043f91\" data-element_type=\"widget\" data-e-type=\"widget\" data-settings=\"{&quot;youtube_url&quot;:&quot;https:\\\/\\\/youtu.be\\\/MRNWQuTdKEY&quot;,&quot;video_type&quot;:&quot;youtube&quot;,&quot;controls&quot;:&quot;yes&quot;}\" data-widget_type=\"video.default\">\n\t\t\t\t<div class=\"elementor-widget-container\">\n\t\t\t\t\t\t\t<div class=\"elementor-wrapper elementor-open-inline\">\n\t\t\t<div class=\"elementor-video\"><\/div>\t\t<\/div>\n\t\t\t\t\t\t<\/div>\n\t\t\t\t<\/div>\n\t\t\t\t\t<\/div>\n\t\t<\/div>\n\t\t\t\t\t<\/div>\n\t\t<\/section>\n\t\t\t\t<\/div>\n\t\t","protected":false},"excerpt":{"rendered":"<p>telc B2-C1 Medizin Modelltest: Jetzt selbst testen M\u00f6chten Sie die Pr\u00fcfung telc Deutsch B2-C1 Medizin ablegen? Hier finden Sie Tipps, Tricks, einen Modelltest und weitere Informationen \u00fcber die Pr\u00fcfung und Vorbereitung. Was ist das Ziel der Pr\u00fcfung? Die Pr\u00fcfung richtet sich an \u00c4rztinnen und \u00c4rzte, die in der Deutschschweiz arbeiten m\u00f6chten und das Niveau B2 [&hellip;]<\/p>\n","protected":false},"author":6,"featured_media":0,"parent":0,"menu_order":0,"comment_status":"closed","ping_status":"closed","template":"elementor_header_footer","meta":{"footnotes":""},"class_list":["post-7481","page","type-page","status-publish","hentry"],"_links":{"self":[{"href":"https:\/\/italksprachschule.ch\/de\/wp-json\/wp\/v2\/pages\/7481","targetHints":{"allow":["GET"]}}],"collection":[{"href":"https:\/\/italksprachschule.ch\/de\/wp-json\/wp\/v2\/pages"}],"about":[{"href":"https:\/\/italksprachschule.ch\/de\/wp-json\/wp\/v2\/types\/page"}],"author":[{"embeddable":true,"href":"https:\/\/italksprachschule.ch\/de\/wp-json\/wp\/v2\/users\/6"}],"replies":[{"embeddable":true,"href":"https:\/\/italksprachschule.ch\/de\/wp-json\/wp\/v2\/comments?post=7481"}],"version-history":[{"count":15,"href":"https:\/\/italksprachschule.ch\/de\/wp-json\/wp\/v2\/pages\/7481\/revisions"}],"predecessor-version":[{"id":11927,"href":"https:\/\/italksprachschule.ch\/de\/wp-json\/wp\/v2\/pages\/7481\/revisions\/11927"}],"wp:attachment":[{"href":"https:\/\/italksprachschule.ch\/de\/wp-json\/wp\/v2\/media?parent=7481"}],"curies":[{"name":"wp","href":"https:\/\/api.w.org\/{rel}","templated":true}]}}